{"id":203,"date":"2018-03-09T10:09:02","date_gmt":"2018-03-09T09:09:02","guid":{"rendered":"https:\/\/preweb.regionetz.net\/?page_id=203"},"modified":"2018-05-18T14:35:44","modified_gmt":"2018-05-18T12:35:44","slug":"netwerk-managment","status":"publish","type":"page","link":"https:\/\/www.regionetz.net\/index.php\/dienstleistungen\/netwerk-managment\/","title":{"rendered":"Netzwerk Managment"},"content":{"rendered":"<h2>\n\t\tNetzwerk Management<br \/>\n\t<\/h2>\n<p>Effiziente und schnelle Kommunikation kann wettbewerbsentscheidend sein. Deshalb erfordern die st\u00e4ndig steigenden Datenmengen ein optimales Netzwerkmanagement. Die sichere Verteilung der Datenstr\u00f6me und der Schutz vor Ausf\u00e4llen oder Datenverlusten sind zentrale Aufgaben im Netzwerk. Wir bieten Ihnen individuelle L\u00f6sungen um den Datenaustausch Ihrer Standorte sicher zu stellen.<\/p>\n<p>\t\t\t\t<a href=\"https:\/\/www.regionetz.net\/wp-content\/uploads\/2018\/03\/netzwerk-management-regionetz.jpg\" target=\"_self\" itemprop=\"url\"><br \/>\n\t\t\t\t<img decoding=\"async\" src=\"https:\/\/preweb.regionetz.net\/wp-content\/uploads\/2018\/03\/netzwerk-management-regionetz.jpg\" alt=\"netzwerk-management-regionetz\" itemprop=\"image\"  \/><br \/>\n\t\t\t\t<\/a><br \/>\n\t\t\t\t<a href=\"https:\/\/www.regionetz.net\/wp-content\/uploads\/2018\/03\/netzwerk-management-regionetz.jpg\" target=\"_self\" itemprop=\"url\"><br \/>\n\t\t\t\t<img decoding=\"async\" src=\"https:\/\/preweb.regionetz.net\/wp-content\/uploads\/2018\/03\/netzwerk-management-regionetz.jpg\" alt=\"netzwerk-management-regionetz\" itemprop=\"image\"  \/><br \/>\n\t\t\t\t<\/a><\/p>\n<h2>\n\t\tWireless LAN<br \/>\n\t<\/h2>\n<p>Wireless LAN bietet Ihnen mobilen und flexiblen Zugriff auf Ihr Netzwerk. Erweitern Sie Ihr kabelgebundenes Netzwerk und profitieren Sie von den neue M\u00f6glichkeiten bei Gesch\u00e4fts- und Produktionsprozessen. Wireless LAN kann schnell und kosteng\u00fcnstig in ein bestehendes Netzwerk integriert werden. Der Einsatz modernster W-LAN Technik stellt die Sicherheit Ihrer Daten, sowie die Kompabilit\u00e4t mit Ihren Anwendungen sicher. Lassen Sie sich von uns beraten. Wir bieten Ihnen ma\u00dfgeschneiderte L\u00f6sungen.<\/p>\n<h3>Sind Sie bereit mehr herauszufinden?<\/h3>\n<p>Fragen Sie uns nach der M\u00f6glichkeit f\u00fcr Ihren Standort an<\/p>\n<p>\t\t\t<a href=\"https:\/\/www.regionetz.net\/?page_id=245\" target=\"_self\" role=\"button\"><br \/>\n\t\t\t\t\t\tJetzt anfragen!<br \/>\n\t\t\t\t\t<\/a><br \/>\n\t\t\t\t<a href=\"http:\/\/themes.fastlinemedia.com\" target=\"_blank\" rel=\"noopener\" itemprop=\"url\"><br \/>\n\t\t\t\t<img decoding=\"async\" src=\"https:\/\/preweb.regionetz.net\/wp-content\/uploads\/2018\/03\/machbarkeitsstudie-vor-ort.jpg\" alt=\"machbarkeitsstudie-vor-ort\" itemprop=\"image\"  \/><br \/>\n\t\t\t\t<\/a><br \/>\n\t\t\t\t<a href=\"http:\/\/themes.fastlinemedia.com\" target=\"_blank\" rel=\"noopener\" itemprop=\"url\"><br \/>\n\t\t\t\t<img decoding=\"async\" src=\"https:\/\/preweb.regionetz.net\/wp-content\/uploads\/2018\/03\/richtfunk-regionetz-oberschwaben.jpg\" alt=\"richtfunk-regionetz-oberschwaben\" itemprop=\"image\"  \/><br \/>\n\t\t\t\t<\/a><br \/>\n\t\t\t\t<a href=\"http:\/\/themes.fastlinemedia.com\" target=\"_blank\" rel=\"noopener\" itemprop=\"url\"><br \/>\n\t\t\t\t<img decoding=\"async\" src=\"https:\/\/preweb.regionetz.net\/wp-content\/uploads\/2018\/03\/richtfunk-machbarkeitsstudie-regionetz.jpg\" alt=\"richtfunk-machbarkeitsstudie-regionetz\" itemprop=\"image\"  \/><br \/>\n\t\t\t\t<\/a><\/p>\n","protected":false},"excerpt":{"rendered":"<p>Netzwerk Management Effiziente und schnelle Kommunikation kann wettbewerbsentscheidend sein. Deshalb erfordern die st\u00e4ndig steigenden Datenmengen ein optimales Netzwerkmanagement. Die sichere Verteilung der Datenstr\u00f6me und der Schutz vor Ausf\u00e4llen oder Datenverlusten sind zentrale Aufgaben im Netzwerk. Wir bieten Ihnen individuelle L\u00f6sungen um den Datenaustausch Ihrer Standorte sicher zu stellen. Wireless LAN Wireless LAN bietet Ihnen mobilen&hellip;<\/p>\n","protected":false},"author":2,"featured_media":0,"parent":177,"menu_order":2,"comment_status":"closed","ping_status":"closed","template":"","meta":{"footnotes":""},"class_list":["post-203","page","type-page","status-publish","hentry"],"_links":{"self":[{"href":"https:\/\/www.regionetz.net\/index.php\/wp-json\/wp\/v2\/pages\/203","targetHints":{"allow":["GET"]}}],"collection":[{"href":"https:\/\/www.regionetz.net\/index.php\/wp-json\/wp\/v2\/pages"}],"about":[{"href":"https:\/\/www.regionetz.net\/index.php\/wp-json\/wp\/v2\/types\/page"}],"author":[{"embeddable":true,"href":"https:\/\/www.regionetz.net\/index.php\/wp-json\/wp\/v2\/users\/2"}],"replies":[{"embeddable":true,"href":"https:\/\/www.regionetz.net\/index.php\/wp-json\/wp\/v2\/comments?post=203"}],"version-history":[{"count":5,"href":"https:\/\/www.regionetz.net\/index.php\/wp-json\/wp\/v2\/pages\/203\/revisions"}],"predecessor-version":[{"id":425,"href":"https:\/\/www.regionetz.net\/index.php\/wp-json\/wp\/v2\/pages\/203\/revisions\/425"}],"up":[{"embeddable":true,"href":"https:\/\/www.regionetz.net\/index.php\/wp-json\/wp\/v2\/pages\/177"}],"wp:attachment":[{"href":"https:\/\/www.regionetz.net\/index.php\/wp-json\/wp\/v2\/media?parent=203"}],"curies":[{"name":"wp","href":"https:\/\/api.w.org\/{rel}","templated":true}]}}