{"id":208,"date":"2018-03-09T10:21:46","date_gmt":"2018-03-09T09:21:46","guid":{"rendered":"https:\/\/preweb.regionetz.net\/?page_id=208"},"modified":"2018-05-18T14:34:55","modified_gmt":"2018-05-18T12:34:55","slug":"sicherheit","status":"publish","type":"page","link":"https:\/\/www.regionetz.net\/index.php\/dienstleistungen\/sicherheit\/","title":{"rendered":"Sicherheit"},"content":{"rendered":"<p>Die Zunahme der weltweiten Datenstr\u00f6me bringt auch Sicherheitsrisiken mit sich. Erh\u00f6hen Sie deshalb die Sicherheit Ihrer\u00a0 Daten und sch\u00fctzen Sie sich vor Angriffen. Wir helfen Ihnen bei der Einhaltung Ihrer Sicherheitsvorgaben. Vergeben Sie Nutzungs- und Zugangsberechtigungen und identifizieren Sie Nutzer und Ger\u00e4te im Netzwerk. VPN, Network Access Control, Firewall &#8211; wir beraten Sie ausf\u00fchrlich, welche Komponenten den optimalen Schutz f\u00fcr Sie gew\u00e4hrleisten.<\/p>\n<p>\t\t\t\t<a href=\"https:\/\/www.regionetz.net\/wp-content\/uploads\/2018\/03\/richtfunkanlage-oberschwaben-e1520585816753.jpg\" target=\"_self\" itemprop=\"url\"><br \/>\n\t\t\t\t<img decoding=\"async\" src=\"https:\/\/preweb.regionetz.net\/wp-content\/uploads\/2018\/03\/richtfunkanlage-oberschwaben-e1520585816753.jpg\" alt=\"richtfunkanlage-oberschwaben\" itemprop=\"image\"  \/><br \/>\n\t\t\t\t<\/a><\/p>\n<h3>Optimaler Schutz f\u00fcr Ihre Daten<\/h3>\n<p>Fragen Sie uns nach Ihrem individuellen Sicherheitskonzept<\/p>\n<p>\t\t\t<a href=\"https:\/\/www.regionetz.net\/?page_id=245\" target=\"_self\" role=\"button\"><br \/>\n\t\t\t\t\t\tJetzt anfragen!<br \/>\n\t\t\t\t\t<\/a><br \/>\n\t\t\t\t<a href=\"http:\/\/themes.fastlinemedia.com\" target=\"_blank\" rel=\"noopener\" itemprop=\"url\"><br \/>\n\t\t\t\t<img decoding=\"async\" src=\"https:\/\/preweb.regionetz.net\/wp-content\/uploads\/2018\/03\/machbarkeitsstudie-vor-ort.jpg\" alt=\"machbarkeitsstudie-vor-ort\" itemprop=\"image\"  \/><br \/>\n\t\t\t\t<\/a><br \/>\n\t\t\t\t<a href=\"http:\/\/themes.fastlinemedia.com\" target=\"_blank\" rel=\"noopener\" itemprop=\"url\"><br \/>\n\t\t\t\t<img decoding=\"async\" src=\"https:\/\/preweb.regionetz.net\/wp-content\/uploads\/2018\/03\/richtfunk-regionetz-oberschwaben.jpg\" alt=\"richtfunk-regionetz-oberschwaben\" itemprop=\"image\"  \/><br \/>\n\t\t\t\t<\/a><br \/>\n\t\t\t\t<a href=\"http:\/\/themes.fastlinemedia.com\" target=\"_blank\" rel=\"noopener\" itemprop=\"url\"><br \/>\n\t\t\t\t<img decoding=\"async\" src=\"https:\/\/preweb.regionetz.net\/wp-content\/uploads\/2018\/03\/richtfunk-machbarkeitsstudie-regionetz.jpg\" alt=\"richtfunk-machbarkeitsstudie-regionetz\" itemprop=\"image\"  \/><br \/>\n\t\t\t\t<\/a><\/p>\n","protected":false},"excerpt":{"rendered":"<p>Die Zunahme der weltweiten Datenstr\u00f6me bringt auch Sicherheitsrisiken mit sich. Erh\u00f6hen Sie deshalb die Sicherheit Ihrer\u00a0 Daten und sch\u00fctzen Sie sich vor Angriffen. Wir helfen Ihnen bei der Einhaltung Ihrer Sicherheitsvorgaben. Vergeben Sie Nutzungs- und Zugangsberechtigungen und identifizieren Sie Nutzer und Ger\u00e4te im Netzwerk. VPN, Network Access Control, Firewall &#8211; wir beraten Sie ausf\u00fchrlich, welche&hellip;<\/p>\n","protected":false},"author":2,"featured_media":0,"parent":177,"menu_order":3,"comment_status":"closed","ping_status":"closed","template":"","meta":{"footnotes":""},"class_list":["post-208","page","type-page","status-publish","hentry"],"_links":{"self":[{"href":"https:\/\/www.regionetz.net\/index.php\/wp-json\/wp\/v2\/pages\/208","targetHints":{"allow":["GET"]}}],"collection":[{"href":"https:\/\/www.regionetz.net\/index.php\/wp-json\/wp\/v2\/pages"}],"about":[{"href":"https:\/\/www.regionetz.net\/index.php\/wp-json\/wp\/v2\/types\/page"}],"author":[{"embeddable":true,"href":"https:\/\/www.regionetz.net\/index.php\/wp-json\/wp\/v2\/users\/2"}],"replies":[{"embeddable":true,"href":"https:\/\/www.regionetz.net\/index.php\/wp-json\/wp\/v2\/comments?post=208"}],"version-history":[{"count":4,"href":"https:\/\/www.regionetz.net\/index.php\/wp-json\/wp\/v2\/pages\/208\/revisions"}],"predecessor-version":[{"id":424,"href":"https:\/\/www.regionetz.net\/index.php\/wp-json\/wp\/v2\/pages\/208\/revisions\/424"}],"up":[{"embeddable":true,"href":"https:\/\/www.regionetz.net\/index.php\/wp-json\/wp\/v2\/pages\/177"}],"wp:attachment":[{"href":"https:\/\/www.regionetz.net\/index.php\/wp-json\/wp\/v2\/media?parent=208"}],"curies":[{"name":"wp","href":"https:\/\/api.w.org\/{rel}","templated":true}]}}