{"id":212,"date":"2018-03-09T10:39:50","date_gmt":"2018-03-09T09:39:50","guid":{"rendered":"https:\/\/preweb.regionetz.net\/?page_id=212"},"modified":"2018-05-18T14:33:29","modified_gmt":"2018-05-18T12:33:29","slug":"unified-communications","status":"publish","type":"page","link":"https:\/\/www.regionetz.net\/index.php\/dienstleistungen\/unified-communications\/","title":{"rendered":"Unified Communications"},"content":{"rendered":"<p>Unified Communications verbindet Telefon, E-Mail, Fax und mobile Ger\u00e4te \u00fcber ein IP basiertes Netzwerk. Ein zus\u00e4tzlicher Telefonanschluss ist nicht mehr notwendig. Die Kommunikation und Erreichbarkeit zwischen den Mitarbeitern, auch an verschiedenen Standorten, wird dadurch vereinfacht. Durch die Einbindung von CRM und ERP Systemen erreichen Sie noch\u00a0 mehr Effizienz in Ihrem Arbeitsablauf. Vereinbaren Sie einen Beratungstermin mit uns. Wir rufen Sie auch gerne zur\u00fcck.<\/p>\n<p>\t\t\t\t<a href=\"https:\/\/www.regionetz.net\/wp-content\/uploads\/2018\/03\/richtfunkanlage-oberschwaben-e1520585816753.jpg\" target=\"_self\" itemprop=\"url\"><br \/>\n\t\t\t\t<img decoding=\"async\" src=\"https:\/\/preweb.regionetz.net\/wp-content\/uploads\/2018\/03\/richtfunkanlage-oberschwaben-e1520585816753.jpg\" alt=\"richtfunkanlage-oberschwaben\" itemprop=\"image\"  \/><br \/>\n\t\t\t\t<\/a><\/p>\n<h3>Sind Sie bereit mehr herauszufinden?<\/h3>\n<p>Fragen Sie uns nach der M\u00f6glichkeit f\u00fcr Ihren Standort an<\/p>\n<p>\t\t\t<a href=\"https:\/\/www.regionetz.net\/?page_id=245\" target=\"_self\" role=\"button\"><br \/>\n\t\t\t\t\t\tJetzt anfragen!<br \/>\n\t\t\t\t\t<\/a><br \/>\n\t\t\t\t<a href=\"http:\/\/themes.fastlinemedia.com\" target=\"_blank\" rel=\"noopener\" itemprop=\"url\"><br \/>\n\t\t\t\t<img decoding=\"async\" src=\"https:\/\/preweb.regionetz.net\/wp-content\/uploads\/2018\/03\/machbarkeitsstudie-vor-ort.jpg\" alt=\"machbarkeitsstudie-vor-ort\" itemprop=\"image\"  \/><br \/>\n\t\t\t\t<\/a><br \/>\n\t\t\t\t<a href=\"http:\/\/themes.fastlinemedia.com\" target=\"_blank\" rel=\"noopener\" itemprop=\"url\"><br \/>\n\t\t\t\t<img decoding=\"async\" src=\"https:\/\/preweb.regionetz.net\/wp-content\/uploads\/2018\/03\/richtfunk-regionetz-oberschwaben.jpg\" alt=\"richtfunk-regionetz-oberschwaben\" itemprop=\"image\"  \/><br \/>\n\t\t\t\t<\/a><br \/>\n\t\t\t\t<a href=\"http:\/\/themes.fastlinemedia.com\" target=\"_blank\" rel=\"noopener\" itemprop=\"url\"><br \/>\n\t\t\t\t<img decoding=\"async\" src=\"https:\/\/preweb.regionetz.net\/wp-content\/uploads\/2018\/03\/richtfunk-machbarkeitsstudie-regionetz.jpg\" alt=\"richtfunk-machbarkeitsstudie-regionetz\" itemprop=\"image\"  \/><br \/>\n\t\t\t\t<\/a><\/p>\n","protected":false},"excerpt":{"rendered":"<p>Unified Communications verbindet Telefon, E-Mail, Fax und mobile Ger\u00e4te \u00fcber ein IP basiertes Netzwerk. Ein zus\u00e4tzlicher Telefonanschluss ist nicht mehr notwendig. Die Kommunikation und Erreichbarkeit zwischen den Mitarbeitern, auch an verschiedenen Standorten, wird dadurch vereinfacht. Durch die Einbindung von CRM und ERP Systemen erreichen Sie noch\u00a0 mehr Effizienz in Ihrem Arbeitsablauf. Vereinbaren Sie einen Beratungstermin&hellip;<\/p>\n","protected":false},"author":2,"featured_media":0,"parent":177,"menu_order":4,"comment_status":"closed","ping_status":"closed","template":"","meta":{"footnotes":""},"class_list":["post-212","page","type-page","status-publish","hentry"],"_links":{"self":[{"href":"https:\/\/www.regionetz.net\/index.php\/wp-json\/wp\/v2\/pages\/212","targetHints":{"allow":["GET"]}}],"collection":[{"href":"https:\/\/www.regionetz.net\/index.php\/wp-json\/wp\/v2\/pages"}],"about":[{"href":"https:\/\/www.regionetz.net\/index.php\/wp-json\/wp\/v2\/types\/page"}],"author":[{"embeddable":true,"href":"https:\/\/www.regionetz.net\/index.php\/wp-json\/wp\/v2\/users\/2"}],"replies":[{"embeddable":true,"href":"https:\/\/www.regionetz.net\/index.php\/wp-json\/wp\/v2\/comments?post=212"}],"version-history":[{"count":3,"href":"https:\/\/www.regionetz.net\/index.php\/wp-json\/wp\/v2\/pages\/212\/revisions"}],"predecessor-version":[{"id":423,"href":"https:\/\/www.regionetz.net\/index.php\/wp-json\/wp\/v2\/pages\/212\/revisions\/423"}],"up":[{"embeddable":true,"href":"https:\/\/www.regionetz.net\/index.php\/wp-json\/wp\/v2\/pages\/177"}],"wp:attachment":[{"href":"https:\/\/www.regionetz.net\/index.php\/wp-json\/wp\/v2\/media?parent=212"}],"curies":[{"name":"wp","href":"https:\/\/api.w.org\/{rel}","templated":true}]}}