{"id":225,"date":"2018-03-09T14:04:09","date_gmt":"2018-03-09T13:04:09","guid":{"rendered":"https:\/\/preweb.regionetz.net\/?page_id=225"},"modified":"2018-03-11T12:20:07","modified_gmt":"2018-03-11T11:20:07","slug":"regionetz","status":"publish","type":"page","link":"https:\/\/www.regionetz.net\/index.php\/regionetz\/","title":{"rendered":"Regionetz"},"content":{"rendered":"<h1>\n\t\tRegionetz<br \/>\n\t<\/h1>\n<h2>\n\t\tRegionetz.net &#8211; schnelles Internet f\u00fcr die Region<br \/>\n\t<\/h2>\n<p>\t\t\t\t<img loading=\"lazy\" decoding=\"async\" src=\"https:\/\/content-pages.demos.wpbeaverbuilder.com\/wp-content\/uploads\/sites\/26\/2016\/07\/ac1.jpg\" alt=\"ac1\" itemprop=\"image\" height=\"450\" width=\"600\"  \/><\/p>\n<h3>\n\t\t\u00dcber uns<br \/>\n\t<\/h3>\n<p style=\"text-align: center;\">Lorem ipsum dolor sit amet, consectetur adipiscing elit. Sed tempus diam nisl quis ornarod vivamus tincidunt et sem vitae luctus.<\/p>\n<p>\t<a href=\"#uber-uns\" target=\"_self\" role=\"button\"><br \/>\n\t\t\t\t\u00dcber uns<br \/>\n\t\t\t<\/a><br \/>\n\t\t\t\t<img loading=\"lazy\" decoding=\"async\" src=\"https:\/\/content-pages.demos.wpbeaverbuilder.com\/wp-content\/uploads\/sites\/26\/2016\/07\/ac2.jpg\" alt=\"ac2\" itemprop=\"image\" height=\"450\" width=\"600\"  \/><\/p>\n<h3>\n\t\tUnser Team<br \/>\n\t<\/h3>\n<p style=\"text-align: center;\">Lorem ipsum dolor sit amet, consectetur adipiscing elit. Sed tempus diam nisl quis ornarod vivamus tincidunt et sem vitae luctus.<\/p>\n<p>\t<a href=\"#team\" target=\"_self\" role=\"button\"><br \/>\n\t\t\t\tzum Team<br \/>\n\t\t\t<\/a><br \/>\n\t\t\t\t<img loading=\"lazy\" decoding=\"async\" src=\"https:\/\/content-pages.demos.wpbeaverbuilder.com\/wp-content\/uploads\/sites\/26\/2016\/07\/ac3.jpg\" alt=\"ac3\" itemprop=\"image\" height=\"450\" width=\"600\"  \/><\/p>\n<h3>\n\t\tUnsereTechnik<br \/>\n\t<\/h3>\n<p style=\"text-align: center;\">Lorem ipsum dolor sit amet, consectetur adipiscing elit. Sed tempus diam nisl quis ornarod vivamus tincidunt et sem vitae luctus.<\/p>\n<p>\t<a href=\"#technik\" target=\"_self\" role=\"button\"><br \/>\n\t\t\t\tUnserer Technik<br \/>\n\t\t\t<\/a><\/p>\n<h2>\n\t\t\u00dcber uns<br \/>\n\t<\/h2>\n<p>Wir sind ein mittelst\u00e4ndisches Familienunternehmen, dass 2003 aus der Firma Norbert Herter Datentechnik hervorging und sich auf den Ausbau von Internet per Funk spezialisierte. Wir konzentrierten uns besonders auf Orte, die bis dahin noch\u00a0 keinen Internetzugang hatten, da wir selbst an unserem Standort, damals noch als Datentechniker, keinen Zugang ins Netz hatten und notgedrungen eine L\u00f6sung finden mussten, die wir schlie\u00dflich auch unseren Nachbarn anboten. Durch diese \u201eNotl\u00f6sung\u201c entwickelte sich f\u00fcr uns eine Gesch\u00e4ftsidee auf die wir bis heute zur\u00fcckgreifen. Heute, 15 Jahre sp\u00e4ter, betreiben wir 40 Sendeanlagen, die ausschlie\u00dflich \u00fcber eigene Kommunikationswege verbunden sind. Auch wenn wir heute unseren Schwerpunkt auf gewerbliche Anbindungen legen, freuen wir uns auch \u00fcber jeden Privatkunden.<\/p>\n<p>\t\t\t\t\tDesign<br \/>\n\t\t\t\t\t<noscript>84<\/noscript>%<br \/>\n\t\t\t\t\tDevelopment<br \/>\n\t\t\t\t\t<noscript>92<\/noscript>%<br \/>\n\t\t\t\t\tStrategy<br \/>\n\t\t\t\t\t<noscript>72<\/noscript>%\t\t\t\t<\/p>\n<h2>\n\t\tUnser Team<br \/>\n\t<\/h2>\n<p>\t\t\t\t<img loading=\"lazy\" decoding=\"async\" src=\"https:\/\/preweb.regionetz.net\/wp-content\/uploads\/2018\/03\/mitarbeiter.jpg\" alt=\"mitarbeiter\" itemprop=\"image\" height=\"250\" width=\"250\"  \/><\/p>\n<h3>\n\t\tNorbert Herter<br \/>\n\t<\/h3>\n<h4>\n\t\tGesch\u00e4ftsf\u00fchrerinhaber<br \/>\n\t<\/h4>\n<p>\t\t\t\t<img loading=\"lazy\" decoding=\"async\" src=\"https:\/\/preweb.regionetz.net\/wp-content\/uploads\/2018\/03\/mitarbeiter-150x150.jpg\" alt=\"mitarbeiter\" itemprop=\"image\" height=\"150\" width=\"150\"  \/><\/p>\n<h3>\n\t\tChristine Herter<br \/>\n\t<\/h3>\n<h4>\n\t\tBuchhaltung &#038; Abwicklung<br \/>\n\t<\/h4>\n<p>\t\t\t\t<img loading=\"lazy\" decoding=\"async\" src=\"https:\/\/preweb.regionetz.net\/wp-content\/uploads\/2018\/03\/mitarbeiter-150x150.jpg\" alt=\"mitarbeiter\" itemprop=\"image\" height=\"150\" width=\"150\"  \/><\/p>\n<h3>\n\t\tLisa Herter<br \/>\n\t<\/h3>\n<h4>\n\t\tMarketing &#038; Abwicklung<br \/>\n\t<\/h4>\n<p>\t\t\t\t<img loading=\"lazy\" decoding=\"async\" src=\"https:\/\/preweb.regionetz.net\/wp-content\/uploads\/2018\/03\/mitarbeiter-150x150.jpg\" alt=\"mitarbeiter\" itemprop=\"image\" height=\"150\" width=\"150\"  \/><\/p>\n<h3>\n\t\tHorst Berlinger<br \/>\n\t<\/h3>\n<h4>\n\t\tLogistik<br \/>\n\t<\/h4>\n<p>\t\t\t\t<img loading=\"lazy\" decoding=\"async\" src=\"https:\/\/preweb.regionetz.net\/wp-content\/uploads\/2018\/03\/mitarbeiter-150x150.jpg\" alt=\"mitarbeiter\" itemprop=\"image\" height=\"150\" width=\"150\"  \/><\/p>\n<h3>\n\t\tYassin Altayeb<br \/>\n\t<\/h3>\n<h4>\n\t\tService<br \/>\n\t<\/h4>\n<h2>\n\t\tSie sind an unseren Leistungen interessiert?<br \/>\n\t<\/h2>\n<p>\t\t\t<a href=\"https:\/\/preweb.regionetz.net\/?page_id=177\" target=\"_self\" role=\"button\"><br \/>\n\t\t\t\t\t\t\tHier erfahren Sie mehr<br \/>\n\t\t\t<\/a><\/p>\n<h3>\n\t\tUnsere Technik<br \/>\n\t<\/h3>\n<p>\t\t\t\t\t\t\t\t\t\t<img decoding=\"async\" src=\"https:\/\/preweb.regionetz.net\/wp-content\/uploads\/2018\/03\/machbarkeitsstudie-vor-ort-300x200.jpg\" alt=\"machbarkeitsstudie-vor-ort\" itemprop=\"image\"  \/><\/p>\n<p style=\"text-align: left;\">Zum gr\u00f6\u00dften Teil verwenden wir selbst produzierte und entwickelte Hardware, welche wir durch unsere jahrelange Erfahrung aufgebaut haben. Je nach Notwendigkeit setzen wir Funktechnik im Frequenzband von 5,6 Ghz bis 42 Ghz ein. Um unser Netz hochverf\u00fcgbar zu halten, haben wir alle wichtigen Sender redundant angebunden, so sorgt beispielsweise die Batteriepufferung , auch im Falle eines Stromausfalls, bis zu 24 Stunden f\u00fcr einen reibungslosen Betrieb, der dann durch Fremdeinspeisung verl\u00e4ngert werden kann.<\/p>\n<h3>\n\t\tRegionetz im Einsatz<br \/>\n\t<\/h3>\n<p>\t\t\t\t\t\t\t\t\t\t<img decoding=\"async\" src=\"https:\/\/preweb.regionetz.net\/wp-content\/uploads\/2018\/03\/machbarkeitsstudie-vor-ort-300x200.jpg\" alt=\"machbarkeitsstudie-vor-ort\" itemprop=\"image\"  \/><\/p>\n<p style=\"text-align: left;\">Wir sind ein mittelst\u00e4ndisches Familienunternehmen, dass 2003 aus der Firma Norbert Herter Datentechnik hervorging und sich auf den Ausbau von Internet per Funk spezialisierte. Wir konzentrierten uns besonders auf Orte, die bis dahin noch keinen Internetzugang hatten, da wir selbst an unserem Standort, damals noch als Datentechniker, keinen Zugang ins Netz hatten und notgedrungen eine L\u00f6sung finden mussten, die wir schlie\u00dflich auch unseren Nachbarn anboten. Durch diese \u201eNotl\u00f6sung\u201c entwickelte sich f\u00fcr uns eine Gesch\u00e4ftsidee auf die wir bis heute zur\u00fcckgreifen. Heute, 15 Jahre sp\u00e4ter, betreiben wir 40 Sendeanlagen, die ausschlie\u00dflich \u00fcber eigene Kommunikationswege verbunden sind. Auch wenn wir heute unseren Schwerpunkt auf gewerbliche Anbindungen legen, freuen wir uns auch \u00fcber jeden Privatkunden.<\/p>\n","protected":false},"excerpt":{"rendered":"<p>Regionetz Regionetz.net &#8211; schnelles Internet f\u00fcr die Region \u00dcber uns Lorem ipsum dolor sit amet, consectetur adipiscing elit. Sed tempus diam nisl quis ornarod vivamus tincidunt et sem vitae luctus. \u00dcber uns Unser Team Lorem ipsum dolor sit amet, consectetur adipiscing elit. Sed tempus diam nisl quis ornarod vivamus tincidunt et sem vitae luctus. zum&hellip;<\/p>\n","protected":false},"author":2,"featured_media":0,"parent":0,"menu_order":4,"comment_status":"closed","ping_status":"closed","template":"","meta":{"footnotes":""},"class_list":["post-225","page","type-page","status-publish","hentry"],"_links":{"self":[{"href":"https:\/\/www.regionetz.net\/index.php\/wp-json\/wp\/v2\/pages\/225","targetHints":{"allow":["GET"]}}],"collection":[{"href":"https:\/\/www.regionetz.net\/index.php\/wp-json\/wp\/v2\/pages"}],"about":[{"href":"https:\/\/www.regionetz.net\/index.php\/wp-json\/wp\/v2\/types\/page"}],"author":[{"embeddable":true,"href":"https:\/\/www.regionetz.net\/index.php\/wp-json\/wp\/v2\/users\/2"}],"replies":[{"embeddable":true,"href":"https:\/\/www.regionetz.net\/index.php\/wp-json\/wp\/v2\/comments?post=225"}],"version-history":[{"count":5,"href":"https:\/\/www.regionetz.net\/index.php\/wp-json\/wp\/v2\/pages\/225\/revisions"}],"predecessor-version":[{"id":240,"href":"https:\/\/www.regionetz.net\/index.php\/wp-json\/wp\/v2\/pages\/225\/revisions\/240"}],"wp:attachment":[{"href":"https:\/\/www.regionetz.net\/index.php\/wp-json\/wp\/v2\/media?parent=225"}],"curies":[{"name":"wp","href":"https:\/\/api.w.org\/{rel}","templated":true}]}}