{"id":250,"date":"2018-03-11T13:07:06","date_gmt":"2018-03-11T12:07:06","guid":{"rendered":"https:\/\/preweb.regionetz.net\/?page_id=250"},"modified":"2018-08-28T16:59:56","modified_gmt":"2018-08-28T14:59:56","slug":"faq","status":"publish","type":"page","link":"https:\/\/www.regionetz.net\/index.php\/faq\/","title":{"rendered":"FAQ"},"content":{"rendered":"<h2>FAQ<\/h2>\n<p>H\u00e4ufig gestellt Fragen zu unseren Produkten und Dienstleistungen<\/p>\n<p>\t\t\tTelefon klingelt an WB100 dauernd.<\/p>\n<p>Die WlanBox Wb100 kann in der Standartkonfiguration von externen Hackern missbraucht werden. Deswegen bitte unbedingt das Passwort f\u00fcr Admin und Guest \u00e4ndern. Unter SIP-Konto-> Leitung 1 unbedingt den Schalter &#8222;Nur Anfragen vom Server erhalten&#8220; aktivieren.<\/p>\n<p>F\u00fcr weitere Fragen stehen wir Ihnen gerne zur Verf\u00fcgung!<\/p>\n<p>\t\t\tWie aktiviere ich IPv6 auf einer Fritzbox ?<\/p>\n<ol>\n<li>Klicken Sie in der Benutzeroberfl\u00e4che der FRITZ!Box auf &#8222;Internet&#8220;.<\/li>\n<li>Klicken Sie im Men\u00fc &#8222;Internet&#8220; auf &#8222;Zugangsdaten&#8220;.<\/li>\n<li>Klicken Sie auf die Registerkarte &#8222;IPv6&#8220;.<\/li>\n<li>Aktivieren Sie die Option &#8222;Unterst\u00fctzung f\u00fcr IPv6 aktiv&#8220; und richten Sie die Natives IPv6 ein.<\/li>\n<li>Klicken Sie zum Speichern der Einstellungen auf &#8222;\u00dcbernehmen&#8220;.<\/li>\n<li>Klicken Sie in der Benutzeroberfl\u00e4che der FRITZ!Box auf &#8222;Heimnetz&#8220;.<\/li>\n<li>Klicken Sie im Men\u00fc &#8222;Heimnetz&#8220; auf &#8222;Netzwerk&#8220;.<\/li>\n<li>Klicken Sie auf die Registerkarte &#8222;Netzwerkeinstellungen&#8220;.<\/li>\n<li>Klicken Sie auf die Schaltfl\u00e4che &#8222;IPv6-Adressen&#8220;.<\/li>\n<li>Aktivieren Sie die Option &#8222;DHCPv6-Server in der FRITZ!Box f\u00fcr das Heimnetz aktivieren&#8220; und &#8222;Nur DNS-Server zuweisen&#8220;.<\/li>\n<li>Klicken Sie zum Speichern der Einstellungen auf &#8222;OK&#8220;.<\/li>\n<\/ol>\n<p>Gerne stehen wir Ihnen f\u00fcr weitere Fragen zur Verf\u00fcgung!<\/p>\n<p>\t\t\tWarum schwankt die Lautst\u00e4rke bei meinen Telefonaten?<\/p>\n<p>Lautst\u00e4rkeschwankungen bei Telefonaten k\u00f6nnen durch eine veraltete Firmwareversion verursacht werden.<br \/>Tritt das Problem nach etwa 2 Minuten Gespr\u00e4chsdauer auf, schafft eine Aktualisierung der Firmware Ihrer Fritzbox Abhilfe.<\/p>\n<p>\t\t\tWarum erhalte ich keine Info\u015b bei St\u00f6rungen<\/p>\n<p>Seit einiger Zeit haben wir ein Benachrichigungssystem, welches sie bei St\u00f6rungen, neuen Tarifen, Umbauarbeiten oder Ausf\u00e4llen informiert. Daf\u00fcr ist es Notwendig, das wir Ihre E-Mail Adressen haben. Diese k\u00f6nnen sie bequem auf unsererm Kundenportal hinterlegen. Die Zugangsdaten entsprechen den PPPoE Zugangsdaten. Sollten Ihnen diese Daten nicht vorliegen, bitte ich sie uns eine <a href=\"mailto:info@regionetz.net\">Mail<\/a> mit Ihrer Kundennummer zu senden.<\/p>\n<p>\t\t\tWie kann ich meinen Tarif wechseln?<\/p>\n<p>Um einen Tarifwechsel durchzuf\u00fchren, senden Sie uns bitte einen Antrag mit dem gew\u00fcnschten Tarif und dem Vermerk &#8222;Tarifwechsel&#8220;.<\/p>\n<ul>\n<li>Der Wechsel in einen h\u00f6herwertigen Tarif ist jederzeit zum n\u00e4chsten Quartal m\u00f6glich.<\/li>\n<li>Der Wechsel in einen niedrigeren Tarif ist fr\u00fchestens 6 Monate vor Ablauf Ihrer Vertragslaufzeit zum Quartal m\u00f6glich.<\/li>\n<\/ul>\n<p>\t\t\tWelche Vorteile bietet mir RegioSurf gegen\u00fcber UMTS-Tarifen?<\/p>\n<ul>\n<li>Der neue <strong>RegioSurf<\/strong> Tarif bietet eine Downloadgeschwindigkeit von 4 Mbit\/s f\u00fcr jeden Kunden.\n<p>Bei UMTS verteilt sich die Geschwindigkeit auf alle Kunden.<\/li>\n<li>Ausserdem haben Sie ein Datenvolumen von 10 Gbyte pro Monat zur Verf\u00fcgung. Sollten Sie das Volumen in einem Monat nicht aussch\u00f6pfen, k\u00f6nnen Sie das Restvolumen innerhalb des Quartals \u00fcbertragen.<\/li>\n<\/ul>\n<p>Bei UMTS Tarifen ist das nicht m\u00f6glich.<\/p>\n<ul>\n<li>Bei einem gr\u00f6\u00dferen Volumenbedarf haben Sie die M\u00f6glichkeit g\u00fcnstige Datenpakete dazu zu buchen, ohne Geschwindigkeitseinbu\u00dfen.<\/li>\n<\/ul>\n<p>Bei UMTS besteht diese M\u00f6glichkeit meist nicht, bei \u00dcberschreitung der im Tarif enthaltenen 5 Gbyte wird die Downloadgeschwindigkeit extrem verlangsamt.<\/p>\n<ul>\n<li>Mit <strong>RegioSurf<\/strong> k\u00f6nnen Sie auch VoIP oder P2P nutzen. Ihren VoIP Anbieter k\u00f6nnen Sie selbstverst\u00e4ndlich frei w\u00e4hlen.<\/li>\n<\/ul>\n<p>Dies ist bei den meisten UMTS Anbietern ausdr\u00fccklich untersagt.<\/p>\n<p>\t\t\tWas geschieht wenn ich meine Datenmenge \u00fcberschreite?<\/p>\n<p>REGIONETZ.net rechnet die monatliche Datenmenge immer auf das Quartal um:<br \/>Wenn Sie z.B. innerhalb eines Quartals in einem Monat mehr als Ihre 10 GB verbrauchen, aber im n\u00e4chsten Monat entsprechend weniger, erfolgt keine Nachberechnung.<\/p>\n<p>Bei \u00dcberschreitung, der im Quartalsvolumen enthaltenen Datenmenge, werden pro angefangenem GigaByte <strong>3,- \u20ac <\/strong>abgerechnet.<\/p>\n<p>Sollten Sie \u00f6fters mehr Datenvolumen ben\u00f6tigen, als in Ihrem Paket enthalten ist, k\u00f6nnen Sie jederzeit ein Datenerweiterungspaket erwerben. Verwenden Sie hierzu bitte unser Antragsformular.<br \/>Die Vertragslaufzeit verl\u00e4ngert sich hierdurch nicht.<\/p>\n<p>\t\t\tWelche Telefontarife bietet REGIONETZ.net an?<\/p>\n<p>REGIONETZ.net ist kein Telefonie-Provider. REGIONETZ.net stellt nur die Verbindung zum Telefonie-Provider her. S\u00e4mtliche Telefonkosten werden mit diesem Provider abgerechnet.<\/p>\n<p>Ein solcher Provider ist beispielsweise <a href=\"https:\/\/www.sipgate.de\/\" target=\"_blank\" rel=\"noopener\">www.sipgate.de.<\/a> Bei diesen Providern k\u00f6nnen Sie zwischen verschiedenen Angeboten w\u00e4hlen, die sich in Leistungsumfang und Kosten unterscheiden.<\/p>\n<p>Um \u00fcber einen REGIONETZ-Anschluss telefonieren zu k\u00f6nnen, ben\u00f6tigen Sie keinen Festnetz-Telefonanschluss.<\/p>\n<p>\t\t\tKann ich einen eigenen Router betreiben?<\/p>\n<p>F\u00fcr Kunden, die einen eigenen Router betreiben wollen, haben wir eine neue Zugangstechnik:<\/p>\n<p>Wir stellen auf Wunsch Ihren REGIONETZ.net Zugang so um, dass Sie einen beliebigen PPPoE-Router verwenden k\u00f6nnen. Dadurch wird die Einrichtung der IP Telefonie vereinfacht. Der Router erh\u00e4lt eine \u00f6ffentliche IP Adresse, dies erm\u00f6glicht auch eigene Portweiterleitungen oder die Einrichtung einer Firewall.<\/p>\n<p>Bitte vereinbaren Sie mit uns einen Termin f\u00fcr die kostenfreie Umstellung.<\/p>\n<p>Diese M\u00f6glichkeit steht nur unseren Kunden mit einem Zugang der &#8222;Generation III&#8220; zur Verf\u00fcgung.<\/p>\n<p>\t\t\tWelche Hardware besitze ich?<\/p>\n<p>In den 10 Jahren, in denen es REGIONETZ.net nun gibt, wurden verschiedene Hardware Generationen ausgeliefert:<\/p>\n<p><strong>GENERATION I<\/strong> Externe Antenne mit Router der Firma Edimax (Silbernes K\u00e4stchen). Um einen Internetzugang zu erhalten, muss eine DF\u00dc Verbindung aufgebaut werden. Wir empfehlen diese Generation gegen eine h\u00f6heren Version auszutauschen.<\/p>\n<p><strong>GENERATION II<\/strong> Externe Antenne mit Router der Firma LANCOM (Wei\u00dfes K\u00e4stchen). Netzwerkf\u00e4higer Zugang ohne DF\u00dc Verbindung<\/p>\n<p><strong>GENERATION III<\/strong> Router in Antenne integriert. Ein Antennenkabel gibt es nicht mehr. Geschwindigkeiten bis zu 16.000 kbit\/s sind m\u00f6glich.<\/p>\n<p>Hier finden Sie die <a href=\"https:\/\/www.regionetz.net\/de\/pdf\/Regionetz.pdf\" target=\"_blank\" rel=\"noopener\">Installationanleitung<\/a>.<\/p>\n<p>\t\t\tFunktioniert die Fritzbox mit REGIONETZ.net?<br \/>\nWie muss die Fritzbox eingerichtet werden, damit sie mit REGIONETZ.net funktioniert?<\/p>\n<ol>\n<li>\u00d6ffentliche IP Adresse: Der Zugang muss eine \u00f6ffentliche IP Adresse haben. Wenn Sie nicht sicher sind ob das auf Ihrem Anschluss zutrifft, k\u00f6nnen Sie die IP Adresse auf der Webseite <a href=\"http:\/\/www.wieistmeineip.de\/\">www.wieistmeineip.de<\/a> \u00fcberpr\u00fcfen. Es darf NICHT die\u00a0IP Adresse 195.226.115.251 angezeigt werden. Sollte e-Mail und wir stellen den Anschluss um.<\/li>\n<li>In unserem Router in der Antenne m\u00fcssen die SIP Ports weitergeleitet werden. Bei allen neuen Anschl\u00fcssen werden die SIP Ports auf die interne Adresse 192.168.100.10 geleitet. Wenn Sie nicht sicher sind, senden Sie uns eine e-Mail.<\/li>\n<li>Die Fritzbox muss so eingestellt werden, dass der Internetzugang \u00fcber LAN A erfolgt (eine vorhandene Internetverbindung wird mitbenutzt.)<\/li>\n<li>Die IP-Adresse der Fritzbox darf nicht automatisch bezogen werden, sondern muss fest mit folgenden Daten eingestellt werden: <br \/>IP Adresse:\u00a0 192.168.100.10<br \/>Netmask:\u00a0 \u00a0\u00a0 255.255.255.0<br \/>Gateway: \u00a0 \u00a0 192.168.100.1<br \/>DNS:\u00a0\u00a0\u00a0\u00a0 \u00a0 \u00a0 \u00a0 192.168.100.1<\/li>\n<li>Bitte beachten Sie, dass die Fritzbox standardm\u00e4\u00dfig einen DHCP Server aktiviert hat. Dieser muss deaktiviert werden.<\/li>\n<li>Unter &#8211; Einstellungen -Telefonie &#8211;\u00a0 Internettelefonie &#8211; erweiterte Einstellungen &#8211; m\u00fcssen Sie den Punkt &#8222;Verbindungen auf dem Router halten&#8220; ankreuzen und dann den Zeitwert auf 30 sec. stellen.<\/li>\n<\/ol>\n<p>\t\t\tWelchen Router ben\u00f6tige ich f\u00fcr REGIONETZ.net?<br \/>\nKEINEN.<br \/>Alle seit 2005 installierten Anschl\u00fcsse werden mit Router ausgeliefert. Sie k\u00f6nnen keinen DSL Router ans Regionetz anschliessen. Wenn Sie einen WLAN AP anschliessen wollen, bitte unbedingt die Routerfunktion deaktivieren und <strong>nicht<\/strong> an den WAN Port anschliessen.<br \/>\n\t\t\tKann ich vor dem Antrag schon die Verf\u00fcgbarkeit pr\u00fcfen?<br \/>\nUm Ihnen einen \u00dcberblick \u00fcber die von uns versorgten Gebiete zu geben, haben wir auf Basis von Google Earth eine <a href=\"https:\/\/www.regionetz.net\/de\/service\/Online-Karte.php\">Onlinekarte <\/a>erstellt.\u00a0<br \/>\n\t\t\tWie gut ist mein Empfang?<br \/>\nMit der neuen Firmwareversion k\u00f6nnen Sie direkt auf unseren Router zugreifen. In der Standardkonfiguration unserer Router k\u00f6nnen Sie in Ihrem Webbrowser unter http:\/\/192.168.100.1\/wlan mit dem Benutzername &#8222;regionetz&#8220; und dem Passwort &#8222;net&#8220; die Empfangseinstellungen pr\u00fcfen. Wichtig ist hierbei die Anzeige des SNR. Er wird Ihnen sowohl in Empfangsrichtung als auch in Senderichtung angezeigt. Sollte der Benutzer auf Ihrem Router nicht eingerichtet sein, senden Sie uns eine kurze\u00a0 e-Mail. Der SNR sollte in beiden Richtungen mindestens 10db betragen. Diese Funktion ist\u00a0 nur bei Hardware der Generation II m\u00f6glich<br \/>\n\t\t\tIst die Spamerkennung schlechter geworden?<\/p>\n<p>In letzter Zeit hat die Erkennungsrate unseres Spamfilters nachgelassen. Dies liegt an der neuen Form der Spams, welche als Nachricht nun ein PDF File als Anlage mitsenden.<br \/>An diesem grunds\u00e4tzlichen Problem arbeitet im Moment der Hersteller Avira. Eine verbesserte L\u00f6sung wird es ca. Mitte September geben.<\/p>\n<p>\t\t\tFehler 74X beim Aufbau der VPN Verbindung<\/p>\n<p>Wenn ich meinen Tunnel zum Regionetz aufbauen will, kommt immer fehler 74X die angeforderte Verschl\u00fcsselungsstufe passt nicht.<\/p>\n<p>Entfernen sie unter Eigenschaften der Verbindung bei Sicherheit die Einstellung &#8222;Datenverschl\u00fcsselung ist erforderlich&#8220;.<\/p>\n<p>\t\t\tFunktioniert der REGIONETZ.net Anschluss auch bei mir?<br \/>\nUm eine genaue Aussage treffen zu k\u00f6nnen ob bei Ihnen ein Anschluss m\u00f6glich ist, ben\u00f6tigen wir von Ihnen einen Antrag. Sie brauchen ihn nur ausf\u00fcllen und an uns zu faxen unter <strong>0751\/3603-24<\/strong>. <br \/>Nach Antragseingang kommen wir zu Ihnen und schauen uns die ganze Sache an. Es entstehen Ihnen keine Kosten, sollte der Antrag nicht zustande kommen.<br \/>\n\u00a0<br \/>\n\t\t\tKann ich \u00fcber REGIONETZ.net auch telefonieren?<\/p>\n<p>\u00fcber alle Tarife von uns k\u00f6nnen sie \u00fcber unser Hauseigenes Telefongateway auch telefonieren.<\/p>\n<p>\t\t\tWie kann ich mehrere Rechner am Anschluss betreiben?<br \/>\nSeit 2006 werden alle Anschl\u00fcsse inkl. Router ausgeliefert und sind somit auch f\u00fcr den Anschluss eines Netzwerkes geeignet. F\u00fcr alle \u00e4lteren Anschl\u00fcsse gibt es, f\u00fcr eine einmalige Bereitstellungsgeb\u00fchr von 99.- Euro, die neue Hardware, welche dann auch h\u00f6here Geschwindigkeiten erm\u00f6glicht. Dann ben\u00f6tigen Sie auch keine DF\u00dc Verbindung auf Ihrem Rechner mehr.<\/p>\n<h3>Haben Sie weitere Fragen?<\/h3>\n<p>Dann nehemen Sie mit uns Kontakt auf und wir beraten Sie gerne.<\/p>\n<p>\t\t\t<a href=\"https:\/\/preweb.regionetz.net\/?page_id=177\" target=\"_self\" role=\"button\"><br \/>\n\t\t\t\t\t\t\tJetzt anfragen!<br \/>\n\t\t\t\t\t<\/a><\/p>\n","protected":false},"excerpt":{"rendered":"<p>FAQ H\u00e4ufig gestellt Fragen zu unseren Produkten und Dienstleistungen Telefon klingelt an WB100 dauernd. Die WlanBox Wb100 kann in der Standartkonfiguration von externen Hackern missbraucht werden. Deswegen bitte unbedingt das Passwort f\u00fcr Admin und Guest \u00e4ndern. Unter SIP-Konto-> Leitung 1 unbedingt den Schalter &#8222;Nur Anfragen vom Server erhalten&#8220; aktivieren. F\u00fcr weitere Fragen stehen wir Ihnen&hellip;<\/p>\n","protected":false},"author":2,"featured_media":0,"parent":0,"menu_order":0,"comment_status":"closed","ping_status":"closed","template":"","meta":{"footnotes":""},"class_list":["post-250","page","type-page","status-publish","hentry"],"_links":{"self":[{"href":"https:\/\/www.regionetz.net\/index.php\/wp-json\/wp\/v2\/pages\/250","targetHints":{"allow":["GET"]}}],"collection":[{"href":"https:\/\/www.regionetz.net\/index.php\/wp-json\/wp\/v2\/pages"}],"about":[{"href":"https:\/\/www.regionetz.net\/index.php\/wp-json\/wp\/v2\/types\/page"}],"author":[{"embeddable":true,"href":"https:\/\/www.regionetz.net\/index.php\/wp-json\/wp\/v2\/users\/2"}],"replies":[{"embeddable":true,"href":"https:\/\/www.regionetz.net\/index.php\/wp-json\/wp\/v2\/comments?post=250"}],"version-history":[{"count":5,"href":"https:\/\/www.regionetz.net\/index.php\/wp-json\/wp\/v2\/pages\/250\/revisions"}],"predecessor-version":[{"id":498,"href":"https:\/\/www.regionetz.net\/index.php\/wp-json\/wp\/v2\/pages\/250\/revisions\/498"}],"wp:attachment":[{"href":"https:\/\/www.regionetz.net\/index.php\/wp-json\/wp\/v2\/media?parent=250"}],"curies":[{"name":"wp","href":"https:\/\/api.w.org\/{rel}","templated":true}]}}