{"id":255,"date":"2018-03-11T13:10:44","date_gmt":"2018-03-11T12:10:44","guid":{"rendered":"https:\/\/preweb.regionetz.net\/?page_id=255"},"modified":"2024-08-01T08:27:21","modified_gmt":"2024-08-01T06:27:21","slug":"impressum","status":"publish","type":"page","link":"https:\/\/www.regionetz.net\/index.php\/impressum\/","title":{"rendered":"Impressum"},"content":{"rendered":"\n<h3 class=\"wp-block-heading\">\n\t\tImpressum\n\t<\/h3>\n\n\n\n<p><strong>Verantwortlich im Sinne der Presserechts<\/strong> REGIONETZ.net Norbert Herter<br> Gesch\u00e4ftsinhaber: Norbert Herter<br> Marienplatz 51<br> D-88212 Ravensburg Tel.: +49 (0)751 \/ 3603-0<br> Fax: +49 (0)751 \/ 3603-29<br> E-Mail: info@herter.de Umsatzsteuer-Identifikationsnr.: DE 152596228<br> \u00a9 regionetz.net Norbert Herter &#8211; Alle Rechte vorbehalten. <\/p>\n\n\n\n<p>&#8212;&#8212;&#8212;&#8212;&#8212;&#8212;-<strong>Aufsichtsbeh\u00f6rde<\/strong><br>\nBundesnetzagentur f\u00fcr Elektrizit\u00e4t, Gas,<br>\nTelekommunikation, Post und Eisenbahnen<br>\nTulpenfeld 4<br>\n53113 Bonn<br>\nDREG-Nr 02\/051\n<\/p>\n\n\n\n<p>&#8212;&#8212;&#8212;&#8212;&#8212;&#8212;-<\/p>\n\n\n\n<p><strong>Gestaltung &amp; Realisierung<\/strong>\nrevier online GmbH &amp; Co. KG<br>\nGroppacherstr. 4<br>\nD-88287 Gr\u00fcnkraut<br>\nwww.revier.de\n\t<\/p>\n\n\n\n<p><strong>Anwendungsbedingungen und rechtliche Informationen<\/strong><br>Bitte lesen Sie diese Bedingungen genau durch. Mit dem Zugriff auf diese Website und ihre Seiten erkl\u00e4ren Sie, dass Sie die folgenden Anwendungs-bedingungen und rechtlichen Informationen im Zusammenhang mit dieser Website (und den darin enthaltenen Elementen) verstanden haben und anerkennen. Wenn Sie mit den nachfolgenden Bedingungen nicht<br>einverstanden sind, unterlassen Sie den Zugriff auf diese Website und ihre Seiten (nachfolgend &#8222;Site&#8220; genannt).<\/p>\n\n\n\n<p><strong>Copyright<\/strong><br>S\u00e4mtliche Elemente auf dieser Site geh\u00f6ren ausschliesslich und umfassend regionetz.net Norbert Herter (insbesondere Urheber &#8211; und andere Rechte), sofern nichts anderes erw\u00e4hnt ist. Die Elemente sind nur f\u00fcr Browsingzwecke frei benutzbar; falls Elemente ganz oder teilweise in irgendeiner Form &#8211; elektronisch oder schriftlich &#8211; reproduziert werden, ist die ausdr\u00fcckliche Nennung von regionetz.net Norbert Herter erforderlich. Ausserdem muss f\u00fcr die Wiederver-<br>\u00f6ffentlichung jeglicher Elemente die Zustimmung von regionetz.net Norbert Herter eingeholt werden.<\/p>\n\n\n\n<p><strong>Eigentum der Site und Markenrecht<\/strong><br>regionetz.net&nbsp; Norbert Herter. Kein Bestandteil der Site ist so konzipiert, dass dadurch eine Lizenz oder ein Recht zur Nutzung eines Bildes, einer eingetragenen Marke oder eines Logos einger\u00e4umt wird. Durch ein Herunterladen oder ein Kopieren der Site werden Ihnen keinerlei Rechte im Hinblick auf die Software oder Elemente auf der Site \u00fcber-tragen. regionetz.net Norbert Herter beh\u00e4lt sich s\u00e4mtliche Rechte (ins-besondere Urheber- und Markenrechte) hinsichtlich aller Elemente auf der Site vor und wird s\u00e4mtliche M\u00f6glichkeiten zur Durchsetzung dieser Rechte vollumf\u00e4nglich wahrnehmen.<\/p>\n\n\n\n<p><strong>Keine Zusicherung<\/strong><br>Obwohl regionetz.net Norbert Herter alle Sorgfalt darauf verwendet hat, dass die Informationen auf der Site zum Zeitpunkt der Ver\u00f6ffentlichung genau sind, kann weder regionetz.net Norbert Herter noch ein Vertragspartner eine explizite bzw. implizite Zusicherung oder Gew\u00e4hrleistung (auch gegen\u00fcber Dritten) hinsichtlich der Genauigkeit, Zuverl\u00e4ssigkeit oder Vollst\u00e4ndigkeit der Information machen. Meinungen und sonstige Informationen auf der Site k\u00f6nnen jederzeit ohne Ank\u00fcndigung ge\u00e4ndert werden.<\/p>\n\n\n\n<p><strong>Haftungsausschluss<\/strong><br>Jegliche Haftung von regionetz.net Norbert Herter (einschliesslich grobe Fahrl\u00e4ssigkeit und Vorsatz) f\u00fcr Sch\u00e4den oder Folgesch\u00e4den, die sich aus dem Zugriff auf die Elemente der Site oder deren Benutzung (bzw. aus der Unm\u00f6glichkeit des Zugriffs oder der Benutzung) ergeben, ist ausgeschlossen.<\/p>\n\n\n\n<p><strong>Links zu anderen Websites<\/strong><br>regionetz.net Norbert Herter hat die mit seiner Site &#8222;verlinkten&#8220; Websites nicht \u00fcberpr\u00fcft und ist nicht verantwortlich f\u00fcr den Inhalt dieser Off-Site-Seiten oder anderer Websites, die mit der Site verlinkt sind. F\u00fcr den Inhalt der verlinkten Seiten sind ausschlie\u00dflich deren Betreiber verantwortlich. Das Herstellen von Verbindungen zu Off-Site-Seiten oder anderen Websites erfolgt auf eigenes Risiko. regionetz.net Norbert Herter distanziert sich hiermit ausdr\u00fccklich von den Inhalten &#8222;aller&#8220; zu seiner Site verlinkten Websites.<\/p>\n\n\n\n<p><strong>Virenschutz<\/strong><br>regionetz.net Norbert Herter wendet die M\u00f6glichkeiten eines aktualisierten Virenschutzes an, \u00fcbernimmt jedoch keine Garantie und haftet nicht f\u00fcr durch Viren verursachte Sch\u00e4den.<\/p>\n","protected":false},"excerpt":{"rendered":"<p>Impressum Verantwortlich im Sinne der Presserechts REGIONETZ.net Norbert Herter Gesch\u00e4ftsinhaber: Norbert Herter Marienplatz 51 D-88212 Ravensburg Tel.: +49 (0)751 \/ 3603-0 Fax: +49 (0)751 \/ 3603-29 E-Mail: info@herter.de Umsatzsteuer-Identifikationsnr.: DE 152596228 \u00a9 regionetz.net Norbert Herter &#8211; Alle Rechte vorbehalten. &#8212;&#8212;&#8212;&#8212;&#8212;&#8212;-Aufsichtsbeh\u00f6rde Bundesnetzagentur f\u00fcr Elektrizit\u00e4t, Gas, Telekommunikation, Post und Eisenbahnen Tulpenfeld 4 53113 Bonn DREG-Nr 02\/051 &#8212;&#8212;&#8212;&#8212;&#8212;&#8212;-&hellip;<\/p>\n","protected":false},"author":2,"featured_media":0,"parent":0,"menu_order":0,"comment_status":"closed","ping_status":"closed","template":"","meta":{"footnotes":""},"class_list":["post-255","page","type-page","status-publish","hentry"],"_links":{"self":[{"href":"https:\/\/www.regionetz.net\/index.php\/wp-json\/wp\/v2\/pages\/255","targetHints":{"allow":["GET"]}}],"collection":[{"href":"https:\/\/www.regionetz.net\/index.php\/wp-json\/wp\/v2\/pages"}],"about":[{"href":"https:\/\/www.regionetz.net\/index.php\/wp-json\/wp\/v2\/types\/page"}],"author":[{"embeddable":true,"href":"https:\/\/www.regionetz.net\/index.php\/wp-json\/wp\/v2\/users\/2"}],"replies":[{"embeddable":true,"href":"https:\/\/www.regionetz.net\/index.php\/wp-json\/wp\/v2\/comments?post=255"}],"version-history":[{"count":10,"href":"https:\/\/www.regionetz.net\/index.php\/wp-json\/wp\/v2\/pages\/255\/revisions"}],"predecessor-version":[{"id":2906,"href":"https:\/\/www.regionetz.net\/index.php\/wp-json\/wp\/v2\/pages\/255\/revisions\/2906"}],"wp:attachment":[{"href":"https:\/\/www.regionetz.net\/index.php\/wp-json\/wp\/v2\/media?parent=255"}],"curies":[{"name":"wp","href":"https:\/\/api.w.org\/{rel}","templated":true}]}}