{"id":361,"date":"2018-05-08T22:17:37","date_gmt":"2018-05-08T20:17:37","guid":{"rendered":"https:\/\/preweb.regionetz.net\/?page_id=361"},"modified":"2021-12-14T20:44:11","modified_gmt":"2021-12-14T19:44:11","slug":"downloadseite","status":"publish","type":"page","link":"https:\/\/www.regionetz.net\/index.php\/downloadseite\/","title":{"rendered":"Downloadseite"},"content":{"rendered":"\n<h1>\n\t\tDownloadseite\n\t<\/h1>\n\t<h6>Inbetriebnahme<\/h6>\t\t\n\t\t\tIhres REGIONETZ.net Internetzugangs\n<p>\u00a0<a href=\"https:\/\/www.regionetz.net\/wp-content\/uploads\/2018\/05\/Anleitung-zur-Inbetriebnahme-Ihres-REGIONETZnet-Internetzugangs.pdf\" target=\"_blank\" rel=\"noopener\">Download &#8211; PDF 832 KB<\/a><\/p>\n\t<h6>Antrag<\/h6>\t\t\n\t\t\tAntrag Privatkunden\n<a href=\"https:\/\/www.regionetz.net\/wp-content\/uploads\/2018\/05\/antrag_privatkunden.pdf\" target=\"_blank\" rel=\"noopener\">Download &#8211; PDF 108 KB<\/a>\n\t<h6>Antrag<\/h6>\t\t\n\t\t\tAntrag Gesch\u00e4ftskunden\n<p><a href=\"https:\/\/www.regionetz.net\/wp-content\/uploads\/2018\/05\/antrag_gewerbekunden.pdf\" target=\"_blank\" rel=\"noopener\">Download &#8211; PDF 80 KB<\/a><\/p>\n\t<h6>Verbindungskosten Telefon<\/h6>\t\t\n\t\t\tVerbindungskosten National \/ International \/ Mobil\n<p>\u00a0<a href=\"https:\/\/www.regionetz.net\/wp-content\/uploads\/2018\/07\/Telefonkosten-1.pdf\" target=\"_blank\" rel=\"noopener\">Download &#8211; PDF 832 KB<\/a><\/p>\n\t<h6>Mitteilung bel\u00e4stigende Anrufe<\/h6>\t\t\n\t\t\tWenn Sie von Anrufern mit unterdr\u00fcckter Nummer bel\u00e4stigt werden, senden uns bitte das ausgef\u00fcllte Formular zu\n<a href=\"https:\/\/www.regionetz.net\/wp-content\/uploads\/2018\/12\/agb_hochformat.pdf\" target=\"_blank\" rel=\"noopener\">Download &#8211;<\/a> <a href=\"https:\/\/www.regionetz.net\/wp-content\/uploads\/2018\/07\/Mitteilung_ankommender_Gespr\u00e4che.pdf\" target=\"_blank\" rel=\"noopener\">PDF 108 KB<\/a>\n\t<h6>Allgemeine Gesch\u00e4ftsbedingungen<\/h6>\t\t\n\t\t\tUnsere Allgemeinen Gesch\u00e4ftsbedingungen f\u00fcr Sie zum Download\n<a href=\"https:\/\/www.regionetz.net\/wp-content\/uploads\/2018\/12\/agb_hochformat.pdf\">Download &#8211; PDF 108 KB<\/a>\n<h3>\n\t\tSie haben Fragen?\n\t<\/h3>\n\t\t\t<a href=\"https:\/\/preweb.regionetz.net\/?page_id=245\" target=\"_self\" role=\"button\" rel=\"noopener\">\n\t\t\t\t\t\tKontaktaufnahme erw\u00fcnscht!\n\t\t\t\t\t<\/a>\n\n","protected":false},"excerpt":{"rendered":"<p>Downloadseite Inbetriebnahme Ihres REGIONETZ.net Internetzugangs \u00a0Download &#8211; PDF 832 KB Antrag Antrag Privatkunden Download &#8211; PDF 108 KB Antrag Antrag Gesch\u00e4ftskunden Download &#8211; PDF 80 KB Verbindungskosten Telefon Verbindungskosten National \/ International \/ Mobil \u00a0Download &#8211; PDF 832 KB Mitteilung bel\u00e4stigende Anrufe Wenn Sie von Anrufern mit unterdr\u00fcckter Nummer bel\u00e4stigt werden, senden uns bitte das&hellip;<\/p>\n","protected":false},"author":2,"featured_media":0,"parent":0,"menu_order":0,"comment_status":"closed","ping_status":"closed","template":"","meta":{"footnotes":""},"class_list":["post-361","page","type-page","status-publish","hentry"],"_links":{"self":[{"href":"https:\/\/www.regionetz.net\/index.php\/wp-json\/wp\/v2\/pages\/361","targetHints":{"allow":["GET"]}}],"collection":[{"href":"https:\/\/www.regionetz.net\/index.php\/wp-json\/wp\/v2\/pages"}],"about":[{"href":"https:\/\/www.regionetz.net\/index.php\/wp-json\/wp\/v2\/types\/page"}],"author":[{"embeddable":true,"href":"https:\/\/www.regionetz.net\/index.php\/wp-json\/wp\/v2\/users\/2"}],"replies":[{"embeddable":true,"href":"https:\/\/www.regionetz.net\/index.php\/wp-json\/wp\/v2\/comments?post=361"}],"version-history":[{"count":31,"href":"https:\/\/www.regionetz.net\/index.php\/wp-json\/wp\/v2\/pages\/361\/revisions"}],"predecessor-version":[{"id":2848,"href":"https:\/\/www.regionetz.net\/index.php\/wp-json\/wp\/v2\/pages\/361\/revisions\/2848"}],"wp:attachment":[{"href":"https:\/\/www.regionetz.net\/index.php\/wp-json\/wp\/v2\/media?parent=361"}],"curies":[{"name":"wp","href":"https:\/\/api.w.org\/{rel}","templated":true}]}}