{"id":386,"date":"2018-05-14T21:09:39","date_gmt":"2018-05-14T19:09:39","guid":{"rendered":"https:\/\/preweb.regionetz.net\/?page_id=386"},"modified":"2021-12-20T11:21:16","modified_gmt":"2021-12-20T10:21:16","slug":"kunde-werden","status":"publish","type":"page","link":"https:\/\/www.regionetz.net\/index.php\/kunde-werden\/","title":{"rendered":"Kunde werden"},"content":{"rendered":"\n<h3>\n\t\tKunde werden\n\t<\/h3>\n<h1>\n\t\tStep by Step\n\t<\/h1>\n<h2>\n\t\tSo werden Sie unser Kunde\n\t<\/h2>\n<h3>\n\t\tAntrag stellen Risikolos &#8211; Sollte keine Verbindung m\u00f6glich sein, entstehen auch keine kosten\n\t<\/h3>\n<h3>\n\t\t1. Antrag stellen\n\t<\/h3>\n\t<p>Beantragen Sie einfach das gew\u00fcnschte Produkt bei uns. Egal ob Privat- oder Gewerbekunde . Sollte das Gew\u00fcnschte Produkt an Ihrem Standort nicht verf\u00fcgbar sein, entstehen f\u00fcr Sie auch keine Kosten.<\/p>\n<h3>\n\t\t2. Pr\u00fcfung der Verf\u00fcgbarkeit\n\t<\/h3>\n\t<p>Nach Eingang des Antrages pr\u00fcfen Wir die Verf\u00fcgbarkeit mit Hilfe unseres digitalen Kartenmaterials. Sollte dies dann noch unklar sein, werden wir mit unserem Messwagen eine Vor Ort Messung durchf\u00fchren.<\/p>\n<h3>\n\t\t3. Installation der Empfangsanlage\n\t<\/h3>\n\t<p>Die Installation der Antenne bei Ihnen kann entweder von Ihnen selbst ausgef\u00fchrt werden, oder von einem unserer Servicepartner vor Ort. Um die Ausrichtung zu erleichtern, gibt die Antenne je nach Empfangsleistung Schallsignale ab.<\/p>\n\t\t\t\t<img decoding=\"async\" src=\"https:\/\/preweb.regionetz.net\/wp-content\/uploads\/2018\/05\/Messwagen.jpg\" alt=\"Messwagen\" itemprop=\"image\" title=\"Messwagen\" onerror=\"this.style.display='none'\"  \/>\n<h3>\n\t\tUnser Messwagen\n\t<\/h3>\n\t<p>Mit unserem Messwagen (legend\u00e4ren Allrad G-Klasse von Mercedes Benz) k\u00f6nnen wir bis zu einer H\u00f6he von 9 Meter die Empfangsst\u00e4rke messen. Somit k\u00f6nnen wir die notwendige H\u00f6he ermitteln.<\/p>\n<h3>\n\t\t4. Test \/ Support \/ Wartung &#8230;\n\t<\/h3>\n\t<p>Nach erfolgreicher Installation k\u00f6nnen wir die endg\u00fcltige Qualit\u00e4t Ihrer Verbindung von der Ferne aus pr\u00fcfen. danach erfolgt die Freischaltung.<\/p>\n<h2>\n\t\tAntrag Download\n\t<\/h2>\n\t<h2 data-canvas-width=\"355.62666666666667\">Antrag<\/h2>\nAntrag Privatkunden\n<a href=\"https:\/\/www.regionetz.net\/wp-content\/uploads\/2018\/05\/antrag_privatkunden.pdf\">Download &#8211; PDF 108 KB<\/a>\n\t<h2 data-canvas-width=\"355.62666666666667\">Antrag<\/h2>\nAntrag Gesch\u00e4ftskunden\n<p><a href=\"https:\/\/www.regionetz.net\/wp-content\/uploads\/2018\/05\/antrag_gewerbekunden.pdf\">Download PDF 80 KB<\/a><\/p>\n<h2>\n\t\tIhr Ansprechpartner\n\t<\/h2>\n\t\t\t\t<img decoding=\"async\" src=\"https:\/\/preweb.regionetz.net\/wp-content\/uploads\/2018\/05\/Christine-Herter.jpg\" alt=\"Christine-Herter\" itemprop=\"image\" title=\"Christine-Herter\" onerror=\"this.style.display='none'\"  \/>\n\t<p><strong>Christine Herter<br \/><\/strong><\/p>\n<p>Buchhaltung und Abwicklungen<\/p>\n<p>Tel: 0751 3 603 &#8211; 15<\/p>\n<h2>\n\t\tWir freuen uns \u00fcber Ihre Herausforderung\n\t<\/h2>\n\t\t\t<a href=\"https:\/\/preweb.regionetz.net\/?page_id=245\" target=\"_self\" role=\"button\" rel=\"noopener\">\n\t\t\t\t\t\t\tKontakt\n\t\t\t<\/a>\n\n","protected":false},"excerpt":{"rendered":"<p>Kunde werden Step by Step So werden Sie unser Kunde Antrag stellen Risikolos &#8211; Sollte keine Verbindung m\u00f6glich sein, entstehen auch keine kosten 1. Antrag stellen Beantragen Sie einfach das gew\u00fcnschte Produkt bei uns. Egal ob Privat- oder Gewerbekunde . Sollte das Gew\u00fcnschte Produkt an Ihrem Standort nicht verf\u00fcgbar sein, entstehen f\u00fcr Sie auch keine&hellip;<\/p>\n","protected":false},"author":2,"featured_media":0,"parent":0,"menu_order":0,"comment_status":"closed","ping_status":"closed","template":"","meta":{"footnotes":""},"class_list":["post-386","page","type-page","status-publish","hentry"],"_links":{"self":[{"href":"https:\/\/www.regionetz.net\/index.php\/wp-json\/wp\/v2\/pages\/386","targetHints":{"allow":["GET"]}}],"collection":[{"href":"https:\/\/www.regionetz.net\/index.php\/wp-json\/wp\/v2\/pages"}],"about":[{"href":"https:\/\/www.regionetz.net\/index.php\/wp-json\/wp\/v2\/types\/page"}],"author":[{"embeddable":true,"href":"https:\/\/www.regionetz.net\/index.php\/wp-json\/wp\/v2\/users\/2"}],"replies":[{"embeddable":true,"href":"https:\/\/www.regionetz.net\/index.php\/wp-json\/wp\/v2\/comments?post=386"}],"version-history":[{"count":15,"href":"https:\/\/www.regionetz.net\/index.php\/wp-json\/wp\/v2\/pages\/386\/revisions"}],"predecessor-version":[{"id":2856,"href":"https:\/\/www.regionetz.net\/index.php\/wp-json\/wp\/v2\/pages\/386\/revisions\/2856"}],"wp:attachment":[{"href":"https:\/\/www.regionetz.net\/index.php\/wp-json\/wp\/v2\/media?parent=386"}],"curies":[{"name":"wp","href":"https:\/\/api.w.org\/{rel}","templated":true}]}}