{"id":665,"date":"2019-12-04T23:43:17","date_gmt":"2019-12-04T22:43:17","guid":{"rendered":"https:\/\/www.regionetz.net\/?page_id=665"},"modified":"2022-05-05T12:25:25","modified_gmt":"2022-05-05T10:25:25","slug":"partnerschaft","status":"publish","type":"page","link":"https:\/\/www.regionetz.net\/index.php\/partnerschaft\/","title":{"rendered":"Partnerschaft"},"content":{"rendered":"\n<h3>\n\t\tTeledata und Regionetz\n\t<\/h3>\n<h1>\n\t\tPartnerschaft\n\t<\/h1>\n<h2>\n\t\tMit Glasfaser und Funk f\u00fcr die Zukunft gewappnet\n\t<\/h2>\n<h3>\n\t\tREGIONETZ.NET NORBERT HERTER UND TELEDATA SETZEN AUF PARTNERSCHAFT\n\t<\/h3>\n\t<p>Die TeleData GmbH, Ihr regionaler Internet- und Serviceprovider, setzt auf eine Kooperation mit Regionetz.net von Nobert Herter. Von diesem Zusammenschluss sollen zuk\u00fcnftig sowohl die aktuellen Regionetz.net-Kunden als auch die TeleData-Kunden profitieren.<\/p>\n<p>Telekommunikation ist heutzutage mit eine der wichtigsten Komponente f\u00fcr einen modernen Lebensstil sowie f\u00fcr den Unternehmens-Alltag. Bei TeleData profitieren Gesch\u00e4ftskunden nicht nur von dem fl\u00e4chendeckenden Breitbandausbau auf Glasfaserbasis, sondern auch von Rechenzentrums- und Cloudl\u00f6sungen sowie einem direkten Ansprechpartner vor Ort.<\/p>\n<p>Neben einem vollkommen \u201eSorglos-Betrieb&#8220;, bietet die GmbH durch diese Partnerschaft Ihren Kunden ab sofort zus\u00e4tzlich eine redundante Internet- Anbindung \u00fcber Funk. Dieses Angebot wird zuk\u00fcnftig durch die Firma Regionetz.net realisiert.<\/p>\n<p>\u201eSeit 2002 bieten wir bei Regionetz.net eine Datenanbindung per Richtfunk an. Durch die Kooperation mit TeleData k\u00f6nnen wir das \u201eBeste&#8220; aus zwei Welten verbinden. Die hohe Geschwindigkeit von Glasfaser und den leitungsunabh\u00e4ngigen Richtfunk der Infrastruktur von regionetz.net&#8220;, freut sich regionetz.net Gesch\u00e4ftsf\u00fchrer Norbert Herter.<\/p>\n<p>Durch das von Norbert Herter konzipierte unabh\u00e4ngige Kommunikationsnetz werden in weiten Teilen Oberschwabens Internetverbindungen \u00fcber Richtfunk zur Verf\u00fcgung gestellt. Dies macht sich die TeleData zu Nutze und kann ihren Gesch\u00e4ftskunden, welche eine Hauptanbindung \u00fcber Glasfaser bei der GmbH beauftragt haben, \u00fcber Richtfunk eine Backupl\u00f6sung schaffen. Somit ist der Anschluss technologieneutral und gew\u00e4hrleistet dem Kunden eine h\u00f6here Versorgungssicherheit. Hier werden zwei Technologien miteinander vereint, damit sind zuk\u00fcnftig die Gesch\u00e4ftskunden mit einem unabh\u00e4ngigen Kommunikationsnetz abgesichert.<\/p>\n\t\t\t\t<a href=\"https:\/\/www.teledata.de\" target=\"_self\" itemprop=\"url\" rel=\"noopener\">\n\t\t\t\t<img loading=\"lazy\" decoding=\"async\" src=\"https:\/\/www.regionetz.net\/wp-content\/uploads\/2019\/12\/teledata.png\" alt=\"teledata\" itemprop=\"image\" height=\"107\" width=\"470\" title=\"teledata\" onerror=\"this.style.display='none'\"  \/>\n\t\t\t\t<\/a>\n\t<p>\u201eAktuell haben wir bereits einige Kunden wie das Ravensburger Spieleland, Datentechnik Moll oder VAUDE von diesem Konzept \u00fcberzeugen k\u00f6nnen&#8220;, freut sich TeleData Key Account Manager Oliver Schreibm\u00fcller. \u201eWir sehen uns hier als Komplett-L\u00f6sungsanbieter und direkter Ansprechpartner des Kunden. Nat\u00fcrlich k\u00fcmmern wir uns dann auch um die vollautomatische Umschaltung beider Technologien.&#8220;<\/p>\n<p>Ein weiterer Vorteil ist, dass die TeleData durch diese Partnerschaft und damit die Richtfunktechnologie, weitere Firmenstandorte versorgen kann, welche bisher \u00fcber Glasfaser noch nicht erschlossen werden konnten. \u201eZusammengefasst stellt diese Kooperation einen zus\u00e4tzlichen und wichtigen Baustein f\u00fcr die St\u00e4rkung des regionalen Internetausbaus am n\u00f6rdlichen Bodenseeufer dar&#8220;, erkl\u00e4rt Oliver Schreibm\u00fcller.<\/p>\n<em>Als Telekommunikationsanbieter entwickelt die TeleData seit 1997 L\u00f6sungen f\u00fcr Gesch\u00e4fts- und Privatkunden in der Region Bodensee-Oberschwaben-Hegau. TeleData baut ein fl\u00e4chendeckendes regionales Hochgeschwindigkeitsdatennetz auf. Dadurch wird der Wirtschaftsraum und die Wohnumgebung im Netzgebiet gest\u00e4rkt und auf die Zukunft vorbereitet. Die TeleData geh\u00f6rt zu 66 Prozent dem Stadtwerk am See und zu 34 Prozent den Technischen Werken Schussental und verf\u00fcgt \u00fcber ein rund 400 Kilometer langes \u00dcbertragungsnetz, das auf Glasfasern, Kupferleitungen und Funkl\u00f6sungen basiert. Seit 2007 ist TeleData auch auf dem Privatkundenmarkt aktiv. Kunden k\u00f6nnen neben Telefonie- und Internetprodukten auch Fernsehen \u00fcber TeleData beziehen.<br \/>\n<\/em>\n<h2>\n\t\tIhr Ansprechpartner\n\t<\/h2>\n\t\t\t\t<img loading=\"lazy\" decoding=\"async\" src=\"https:\/\/www.regionetz.net\/wp-content\/uploads\/2018\/05\/Norbert-Herter.jpg\" alt=\"Norbert-Herter\" itemprop=\"image\" height=\"400\" width=\"400\" title=\"Norbert-Herter\" onerror=\"this.style.display='none'\"  \/>\n\t<strong>Norbert Herter<br \/>\n<\/strong>\nBeratung und Support<br \/>\nTel: 0751 3 603 &#8211; 0\n<h2>\n\t\tWir freuen uns \u00fcber Ihre Herausforderung\n\t<\/h2>\n\t\t\t<a href=\"https:\/\/preweb.regionetz.net\/?page_id=245\" target=\"_self\" role=\"button\" rel=\"noopener\">\n\t\t\t\t\t\t\tKontakt\n\t\t\t<\/a>\n\n","protected":false},"excerpt":{"rendered":"<p>Teledata und Regionetz Partnerschaft Mit Glasfaser und Funk f\u00fcr die Zukunft gewappnet REGIONETZ.NET NORBERT HERTER UND TELEDATA SETZEN AUF PARTNERSCHAFT Die TeleData GmbH, Ihr regionaler Internet- und Serviceprovider, setzt auf eine Kooperation mit Regionetz.net von Nobert Herter. Von diesem Zusammenschluss sollen zuk\u00fcnftig sowohl die aktuellen Regionetz.net-Kunden als auch die TeleData-Kunden profitieren. Telekommunikation ist heutzutage mit&hellip;<\/p>\n","protected":false},"author":2,"featured_media":0,"parent":0,"menu_order":0,"comment_status":"closed","ping_status":"closed","template":"","meta":{"footnotes":""},"class_list":["post-665","page","type-page","status-publish","hentry"],"_links":{"self":[{"href":"https:\/\/www.regionetz.net\/index.php\/wp-json\/wp\/v2\/pages\/665","targetHints":{"allow":["GET"]}}],"collection":[{"href":"https:\/\/www.regionetz.net\/index.php\/wp-json\/wp\/v2\/pages"}],"about":[{"href":"https:\/\/www.regionetz.net\/index.php\/wp-json\/wp\/v2\/types\/page"}],"author":[{"embeddable":true,"href":"https:\/\/www.regionetz.net\/index.php\/wp-json\/wp\/v2\/users\/2"}],"replies":[{"embeddable":true,"href":"https:\/\/www.regionetz.net\/index.php\/wp-json\/wp\/v2\/comments?post=665"}],"version-history":[{"count":16,"href":"https:\/\/www.regionetz.net\/index.php\/wp-json\/wp\/v2\/pages\/665\/revisions"}],"predecessor-version":[{"id":2867,"href":"https:\/\/www.regionetz.net\/index.php\/wp-json\/wp\/v2\/pages\/665\/revisions\/2867"}],"wp:attachment":[{"href":"https:\/\/www.regionetz.net\/index.php\/wp-json\/wp\/v2\/media?parent=665"}],"curies":[{"name":"wp","href":"https:\/\/api.w.org\/{rel}","templated":true}]}}