{"id":7,"date":"2017-12-19T23:07:04","date_gmt":"2017-12-19T22:07:04","guid":{"rendered":"http:\/\/preweb.regionetz.net\/?page_id=7"},"modified":"2024-08-01T08:29:22","modified_gmt":"2024-08-01T06:29:22","slug":"startseite","status":"publish","type":"page","link":"https:\/\/www.regionetz.net\/","title":{"rendered":"Startseite"},"content":{"rendered":"\n<h6>NICHT DEN<\/h6>\n<h6>ANSCHLUSS<\/h6>\n<h6>VERLIEREN.<\/h6>\n\t<h2>Unsere Technik<\/h2>\n<p>Selbstentwickelte und produzierte Hardware die optimal an Ihre Bed\u00fcrfnisse angepasst ist.<\/p>\n\t<h2>Regionetz im Einsatz<\/h2>\n<p>Mit Hilfe unseres Regiomobils k\u00f6nnen wir Messungen bei Ihnen vor Ort vornehmen.<\/p>\n\t<h2>Regionetz<\/h2>\n<p>Seit 15 Jahren am in der Region f\u00fcr Sie aktiv.<\/p>\n\t<h2>Das Funknetz f\u00fcr die Region Bodensee \/ Oberschwaben<\/h2>\n<p>Normalerweise gibt es den standardisierten Weg um ins Internet zu kommen: das Telefonnetz der deutschen Telekom, das entweder analoge Telefonleitungen f\u00fcr Modems oder digitale Signale f\u00fcr ISDN oder DSL zur Verf\u00fcgung stellt. Regionetz.net Norbert Herter in Ravensburg bietet eine Alternative. Wir haben ein unabh\u00e4ngiges Kommunikationsnetz konzipiert, das Internetverbindungen per Funk zur Verf\u00fcgung stellt.&nbsp;Unsere Richtfunktechnik erm\u00f6glicht eine hervorragende&nbsp;\u00dcbertragungsqualit\u00e4t mit Datenraten von 32 Mbit\/s bis weit \u00fcber 400&nbsp;Mbit\/s, bei zuverl\u00e4ssig hoher Verf\u00fcgbarkeit.<\/p>\n\t\t\t<a href=\"#\" target=\"_self\" role=\"button\" rel=\"noopener\">\n\t\t\t\t\t\t\tMehr Informationen\n\t\t\t\t\t<\/a>\n\t<h2>Angebote<br><\/h2>\n\t\t\t\t<img loading=\"lazy\" decoding=\"async\" src=\"https:\/\/www.regionetz.net\/wp-content\/uploads\/2019\/11\/ISDN-VoIP-Angebot-1.png\" alt=\"ISDN-VoIP-Angebot\" itemprop=\"image\" height=\"530\" width=\"1280\" title=\"ISDN-VoIP-Angebot\" onerror=\"this.style.display='none'\">\n\t\t\t\t\tRegioSurf Light\t\t\t\t\n\t\t\t\t\t\t\t\t\t\t\t\n\t\t\t\t\t\t24,90 EUR pro Monat\n\t\t\t\t<ul>\n\t\t\t\t\t\t\t\t\t\t\t\t\t\t\t\t\t<li>\n\t\t\t\t\t\t\t\t\t\t\t\t\t\tbis zu 4.000 kbit\/s Download\t\t\t\t\t\t<\/li>\n\t\t\t\t\t\t\t\t\t\t\t\t<li>\n\t\t\t\t\t\t\t\t\t\t\t\t\t\t500 kbit\/s Upload\t\t\t\t\t\t<\/li>\n\t\t\t\t\t\t\t\t\t\t\t\t<li>\n\t\t\t\t\t\t\t\t\t\t\t\t\t\t10 GByte Datenvolumen\t\t\t\t\t\t<\/li>\n\t\t\t\t\t\t\t\t\t\t\t\t<li>\n\t\t\t\t\t\t\t\t\t\t\t\t\t\toptional E-Mail Adressen\t\t\t\t\t\t<\/li>\n\t\t\t\t\t\t\t\t\t\t\t\t<li>\n\t\t\t\t\t\t\t\t\t\t\t\t\t\toptional Telefonanschluss\t\t\t\t\t\t<\/li>\n\t\t\t\t\t\t\t\t\t\t\t\t\t\t\t<\/ul>\n\t\t\t<a href=\"https:\/\/www.regionetz.net\/?page_id=386\" target=\"_self\" role=\"button\" rel=\"noopener\">\n\t\t\t\t\t\t\tJetzt loslegen\n\t\t\t\t\t<\/a>\n\t\t\t\t\tRegiojet\t\t\t\t\n\t\t\t\t\t\t\t\t\t\t\t\n\t\t\t\t\t\t44,90 EUR pro Monat\n\t\t\t\t<ul>\n\t\t\t\t\t\t\t\t\t\t\t\t\t\t\t\t\t<li>\n\t\t\t\t\t\t\t\t\t\t\t\t\t\tbis zu 25.000 kbit\/s  Download\t\t\t\t\t\t<\/li>\n\t\t\t\t\t\t\t\t\t\t\t\t<li>\n\t\t\t\t\t\t\t\t\t\t\t\t\t\t\u00f6ffentliche IP-Adresse\t\t\t\t\t\t<\/li>\n\t\t\t\t\t\t\t\t\t\t\t\t<li>\n\t\t\t\t\t\t\t\t\t\t\t\t\t\tDatenvolumen Flat\t\t\t\t\t\t<\/li>\n\t\t\t\t\t\t\t\t\t\t\t\t<li>\n\t\t\t\t\t\t\t\t\t\t\t\t\t\toptional E-Mail Adressen\t\t\t\t\t\t<\/li>\n\t\t\t\t\t\t\t\t\t\t\t\t<li>\n\t\t\t\t\t\t\t\t\t\t\t\t\t\toptinal Telefonanschluss\t\t\t\t\t\t<\/li>\n\t\t\t\t\t\t\t\t\t\t\t\t\t\t\t<\/ul>\n\t\t\t<a href=\"https:\/\/www.regionetz.net\/?page_id=386\" target=\"_self\" role=\"button\" rel=\"noopener\">\n\t\t\t\t\t\t\tJetzt loslegen\n\t\t\t\t\t<\/a>\n\t\t\t\t\tGewerbe Premium\t\t\t\t\n\t\t\t\t\t\t\t\t\t\t\t\n\t\t\t\t\t\t773,5 EUR pro Monat\n\t\t\t\t<ul>\n\t\t\t\t\t\t\t\t\t\t\t\t\t\t\t\t\t<li>\n\t\t\t\t\t\t\t\t\t\t\t\t\t\tbis zu 100.000 kbit\/s Up- und Download\t\t\t\t\t\t<\/li>\n\t\t\t\t\t\t\t\t\t\t\t\t<li>\n\t\t\t\t\t\t\t\t\t\t\t\t\t\t\u00f6ffentliches IP-Netz mit 8 Adressen\t\t\t\t\t\t<\/li>\n\t\t\t\t\t\t\t\t\t\t\t\t<li>\n\t\t\t\t\t\t\t\t\t\t\t\t\t\tunbegrenzte Datenmenge (Flat)\t\t\t\t\t\t<\/li>\n\t\t\t\t\t\t\t\t\t\t\t\t<li>\n\t\t\t\t\t\t\t\t\t\t\t\t\t\teigene Domain inkl. Mail und Webhosting unter dieser Dom\u00e4ne\t\t\t\t\t\t<\/li>\n\t\t\t\t\t\t\t\t\t\t\t\t<li>\n\t\t\t\t\t\t\t\t\t\t\t\t\t\tPremium Support (dieses Premium-Paket ist vergleichbar mit einer Standleitung)\t\t\t\t\t\t<\/li>\n\t\t\t\t\t\t\t\t\t\t\t\t\t\t\t<\/ul>\n\t\t\t<a href=\"https:\/\/www.regionetz.net\/?page_id=386\" target=\"_self\" role=\"button\" rel=\"noopener\">\n\t\t\t\t\t\t\tJetzt loslegen\n\t\t\t\t\t<\/a>\n\t<h2>Fakten<br><\/h2>\n\t\t40\n\t<h3>Sendemasten<\/h3>\n<p>Vom Schwarzwald \u00fcber den Bodensee bis zum Allg\u00e4u. Mit Regionetz sicher verbunden.<\/p>\n\t\t24h\n\t<h3>Support-Hotline<\/h3>\n<p>Egal wann es zu St\u00f6rungen kommt. Wir sind f\u00fcr Sie erreichbar.<\/p>\n\t\t658\n\t<h3>Firmen- und Privatkunden<\/h3>\n<p>Vertrauen seit 20 Jahren bei ihrer Daten\u00fcbertragung auf Reginetz<\/p>\n<h2>\n\t\tAktuelles\n\t<\/h2>\n\t<meta itemscope=\"\" itemprop=\"mainEntityOfPage\" itemtype=\"https:\/\/schema.org\/WebPage\" itemid=\"https:\/\/www.regionetz.net\/index.php\/regionetz-baut-standort-hoechsten-aus\/\" content=\"Regionetz baut Standort \u201eH\u00f6chsten\u201c aus.\"><meta itemprop=\"datePublished\" content=\"2021-12-09\"><meta itemprop=\"dateModified\" content=\"2021-12-11\"><meta itemprop=\"name\" content=\"REGIONETZ.net - schnelles Internet f\u00fcr die Region\"><meta itemprop=\"url\" content=\"https:\/\/preweb.regionetz.net\/wp-content\/uploads\/2017\/12\/logo.png\"><meta itemprop=\"url\" content=\"https:\/\/www.regionetz.net\/index.php\/author\/herter\/\"><meta itemprop=\"name\" content=\"herter\"><meta itemprop=\"interactionType\" content=\"https:\/\/schema.org\/CommentAction\"><meta itemprop=\"userInteractionCount\" content=\"0\">\t\n\t\t\t<a href=\"https:\/\/www.regionetz.net\/index.php\/regionetz-baut-standort-hoechsten-aus\/\"><\/a>\n\t\t\t\t\t\t\t\t\t\t<img decoding=\"async\" src=\"https:\/\/www.regionetz.net\/wp-content\/uploads\/2021\/12\/N1100540_v2-683x1024.jpg\" alt=\"Regionetz baut Standort \u201eH\u00f6chsten\u201c aus.\">\n\t\t\tDez\n\t\t\t09\n\t\t\t\t\t\t\t<h3 itemprop=\"headline\">\n\t\t\t\t\t\t\t\t\t\t\tRegionetz baut Standort \u201eH\u00f6chsten\u201c aus.\t\t\t\t\t\t\t\t\t<\/h3>\n\t<meta itemscope=\"\" itemprop=\"mainEntityOfPage\" itemtype=\"https:\/\/schema.org\/WebPage\" itemid=\"https:\/\/www.regionetz.net\/index.php\/regionetz-net-liefert-internet-fuers-hofgut-huegle\/\" content=\"Regionetz.net liefert Internet f\u00fcrs Hofgut H\u00fcgle\"><meta itemprop=\"datePublished\" content=\"2020-07-15\"><meta itemprop=\"dateModified\" content=\"2020-07-15\"><meta itemprop=\"name\" content=\"REGIONETZ.net - schnelles Internet f\u00fcr die Region\"><meta itemprop=\"url\" content=\"https:\/\/preweb.regionetz.net\/wp-content\/uploads\/2017\/12\/logo.png\"><meta itemprop=\"url\" content=\"https:\/\/www.regionetz.net\/index.php\/author\/herter\/\"><meta itemprop=\"name\" content=\"herter\"><meta itemprop=\"interactionType\" content=\"https:\/\/schema.org\/CommentAction\"><meta itemprop=\"userInteractionCount\" content=\"0\">\t\n\t\t\t<a href=\"https:\/\/www.regionetz.net\/index.php\/regionetz-net-liefert-internet-fuers-hofgut-huegle\/\"><\/a>\n\t\t\t\t\t\t\t\t\t\t<img decoding=\"async\" src=\"https:\/\/www.regionetz.net\/wp-content\/uploads\/2020\/07\/speedtest_huegle.png\" alt=\"Regionetz.net liefert Internet f\u00fcrs Hofgut H\u00fcgle\">\n\t\t\tJul\n\t\t\t15\n\t\t\t\t\t\t\t<h3 itemprop=\"headline\">\n\t\t\t\t\t\t\t\t\t\t\tRegionetz.net liefert Internet f\u00fcrs Hofgut H\u00fcgle\t\t\t\t\t\t\t\t\t<\/h3>\n    <p>Sch\u00f6ne wenn man vom Kunden (Wolfgang H\u00fcgle) solche Presseerkl\u00e4rungen lesen darf. \u201eWie kommt eigentlich maximal schnelles Internet f\u00fcr unbegrenzten Netflix-, YouTube- und Spotify- und Co. Genuss auf unseren Hof auf dem Land Nicht auf die \u00fcbliche Art! Soviel ist sicher. Damit Ferien auf dem Erlebnishof nicht zu Ferien in der Steinzeit werden, vertrauen wir auf\u2026<\/p>\n\t<meta itemscope=\"\" itemprop=\"mainEntityOfPage\" itemtype=\"https:\/\/schema.org\/WebPage\" itemid=\"https:\/\/www.regionetz.net\/index.php\/mit-glasfaser-und-funk-fuer-die-zukunft-gewappnet\/\" content=\"Mit Glasfaser und Funk f\u00fcr die Zukunft gewappnet\"><meta itemprop=\"datePublished\" content=\"2019-12-09\"><meta itemprop=\"dateModified\" content=\"2019-12-09\"><meta itemprop=\"name\" content=\"REGIONETZ.net - schnelles Internet f\u00fcr die Region\"><meta itemprop=\"url\" content=\"https:\/\/preweb.regionetz.net\/wp-content\/uploads\/2017\/12\/logo.png\"><meta itemprop=\"url\" content=\"https:\/\/www.regionetz.net\/index.php\/author\/herter\/\"><meta itemprop=\"name\" content=\"herter\"><meta itemprop=\"interactionType\" content=\"https:\/\/schema.org\/CommentAction\"><meta itemprop=\"userInteractionCount\" content=\"0\">\t\n\t\t\t<a href=\"https:\/\/www.regionetz.net\/index.php\/mit-glasfaser-und-funk-fuer-die-zukunft-gewappnet\/\"><\/a>\n\t\t\t\t\t\t\t\t\t\t<img decoding=\"async\" src=\"https:\/\/www.regionetz.net\/wp-content\/uploads\/2019\/12\/Norbert_Herter_Masten.jpg\" alt=\"Mit Glasfaser und Funk f\u00fcr die Zukunft gewappnet\">\n\t\t\tDez\n\t\t\t09\n\t\t\t\t\t\t\t<h3 itemprop=\"headline\">\n\t\t\t\t\t\t\t\t\t\t\tMit Glasfaser und Funk f\u00fcr die Zukunft gewappnet\t\t\t\t\t\t\t\t\t<\/h3>\n\t<meta itemscope=\"\" itemprop=\"mainEntityOfPage\" itemtype=\"https:\/\/schema.org\/WebPage\" itemid=\"https:\/\/www.regionetz.net\/index.php\/regionetz-net-jetzt-auch-im-facebook-aktiv\/\" content=\"Regionetz.net jetzt auch im Facebook aktiv.\"><meta itemprop=\"datePublished\" content=\"2019-12-02\"><meta itemprop=\"dateModified\" content=\"2019-12-02\"><meta itemprop=\"name\" content=\"REGIONETZ.net - schnelles Internet f\u00fcr die Region\"><meta itemprop=\"url\" content=\"https:\/\/preweb.regionetz.net\/wp-content\/uploads\/2017\/12\/logo.png\"><meta itemprop=\"url\" content=\"https:\/\/www.regionetz.net\/index.php\/author\/herter\/\"><meta itemprop=\"name\" content=\"herter\"><meta itemprop=\"interactionType\" content=\"https:\/\/schema.org\/CommentAction\"><meta itemprop=\"userInteractionCount\" content=\"0\">\t\n\t\t\t<a href=\"https:\/\/www.regionetz.net\/index.php\/regionetz-net-jetzt-auch-im-facebook-aktiv\/\"><\/a>\n\t\t\t\t\t\t\t\t\t\t<img decoding=\"async\" src=\"https:\/\/www.regionetz.net\/wp-content\/uploads\/2019\/11\/ISDN-VoIP-Angebot-1-300x124.png\" alt=\"Regionetz.net jetzt auch im Facebook aktiv.\">\n\t\t\tDez\n\t\t\t02\n\t\t\t\t\t\t\t<h3 itemprop=\"headline\">\n\t\t\t\t\t\t\t\t\t\t\tRegionetz.net jetzt auch im Facebook aktiv.\t\t\t\t\t\t\t\t\t<\/h3>\n    <p>Ab sofort k\u00f6nnen Sie, als unsere Kunde, wichtige Nachrichten und Informationen auch \u00fcber Facebook abrufen. Wir werden hier vor allen Dingen Infos \u00fcber neue Gebiete, zur Verf\u00fcgbarkeit und unsere Panoramabilder ver\u00f6ffentlichen. Mit diesen Hochaufl\u00f6senden Bilder k\u00f6nnen Sie die Sichtverbindung zu Ihnen pr\u00fcfen.<\/p>\n\t<meta itemscope=\"\" itemprop=\"mainEntityOfPage\" itemtype=\"https:\/\/schema.org\/WebPage\" itemid=\"https:\/\/www.regionetz.net\/index.php\/regionetz-net-stellt-internet-fuer-lanparty\/\" content=\"Regionetz.net stellt Internet f\u00fcr Lanparty\"><meta itemprop=\"datePublished\" content=\"2019-05-19\"><meta itemprop=\"dateModified\" content=\"2019-05-19\"><meta itemprop=\"name\" content=\"REGIONETZ.net - schnelles Internet f\u00fcr die Region\"><meta itemprop=\"url\" content=\"https:\/\/preweb.regionetz.net\/wp-content\/uploads\/2017\/12\/logo.png\"><meta itemprop=\"url\" content=\"https:\/\/www.regionetz.net\/index.php\/author\/herter\/\"><meta itemprop=\"name\" content=\"herter\"><meta itemprop=\"url\" content=\"https:\/\/www.regionetz.net\/wp-content\/uploads\/2019\/05\/lanparty.jpg\"><meta itemprop=\"width\" content=\"800\"><meta itemprop=\"height\" content=\"533\"><meta itemprop=\"interactionType\" content=\"https:\/\/schema.org\/CommentAction\"><meta itemprop=\"userInteractionCount\" content=\"0\">\t\n\t\t\t<a href=\"https:\/\/www.regionetz.net\/index.php\/regionetz-net-stellt-internet-fuer-lanparty\/\"><\/a>\n\t\t\t\t<img loading=\"lazy\" decoding=\"async\" src=\"https:\/\/www.regionetz.net\/wp-content\/uploads\/2019\/05\/lanparty.jpg\" alt=\"lanparty\" itemprop=\"image\" data-no-lazy=\"1\" height=\"533\" width=\"800\" title=\"lanparty\" onerror=\"this.style.display='none'\">\n\t\t\tMai\n\t\t\t19\n\t\t\t\t\t\t\t<h3 itemprop=\"headline\">\n\t\t\t\t\t\t\t\t\t\t\tRegionetz.net stellt Internet f\u00fcr Lanparty\t\t\t\t\t\t\t\t\t<\/h3>\n    <p>In Wetzsireute bei Ravensburg fand am Wochenende vom 17.-19. Mai eine Lanparty statt. Veranstaltet wurde dieses Event von 1024e. V.&nbsp;&nbsp; Da in der Turn- und Festhalle Wetzisreute keine ausreichende Internetverbindung zur Verf\u00fcgung stand, baute regionetz.net kurzerhand einen tempor\u00e4ren Sender auf. Da von dem Veranstaltungsstandort keine direkte Sichtverbindung zu einem unserer Sender bestand, war diese Ma\u00dfnahme\u2026<\/p>\n\t<meta itemscope=\"\" itemprop=\"mainEntityOfPage\" itemtype=\"https:\/\/schema.org\/WebPage\" itemid=\"https:\/\/www.regionetz.net\/index.php\/webcam-auf-dem-weihnachtsmarkt-in-ravensburg\/\" content=\"Privat: Webcam auf dem Weihnachtsmarkt in Ravensburg\"><meta itemprop=\"datePublished\" content=\"2018-11-30\"><meta itemprop=\"dateModified\" content=\"2020-01-26\"><meta itemprop=\"name\" content=\"REGIONETZ.net - schnelles Internet f\u00fcr die Region\"><meta itemprop=\"url\" content=\"https:\/\/preweb.regionetz.net\/wp-content\/uploads\/2017\/12\/logo.png\"><meta itemprop=\"url\" content=\"https:\/\/www.regionetz.net\/index.php\/author\/herter\/\"><meta itemprop=\"name\" content=\"herter\"><meta itemprop=\"interactionType\" content=\"https:\/\/schema.org\/CommentAction\"><meta itemprop=\"userInteractionCount\" content=\"0\">\t\n\t\t\t<a href=\"https:\/\/www.regionetz.net\/index.php\/webcam-auf-dem-weihnachtsmarkt-in-ravensburg\/\"><\/a>\n\t\t\t\t\t\t\t\t\t\t<img decoding=\"async\" src=\"https:\/\/www.regionetz.net\/wp-content\/uploads\/2018\/11\/rv_marienplatz_sued_klein-300x225.jpg\" alt=\"Privat: Webcam auf dem Weihnachtsmarkt in Ravensburg\">\n\t\t\tNov\n\t\t\t30\n\t\t\t\t\t\t\t<h3 itemprop=\"headline\">\n\t\t\t\t\t\t\t\t\t\t\tPrivat: Webcam auf dem Weihnachtsmarkt in Ravensburg\t\t\t\t\t\t\t\t\t<\/h3>\n    <p>Die Webcam zeigt den Ravensburger Weihnachtsmarkt auf dem Marienplatz mit Rathaus. &nbsp;<\/p>\n\t<meta itemscope=\"\" itemprop=\"mainEntityOfPage\" itemtype=\"https:\/\/schema.org\/WebPage\" itemid=\"https:\/\/www.regionetz.net\/index.php\/appenweiler-wird-ausgebaut\/\" content=\"Appenweiler wird ausgebaut.\"><meta itemprop=\"datePublished\" content=\"2018-09-18\"><meta itemprop=\"dateModified\" content=\"2018-09-18\"><meta itemprop=\"name\" content=\"REGIONETZ.net - schnelles Internet f\u00fcr die Region\"><meta itemprop=\"url\" content=\"https:\/\/preweb.regionetz.net\/wp-content\/uploads\/2017\/12\/logo.png\"><meta itemprop=\"url\" content=\"https:\/\/www.regionetz.net\/index.php\/author\/herter\/\"><meta itemprop=\"name\" content=\"herter\"><meta itemprop=\"interactionType\" content=\"https:\/\/schema.org\/CommentAction\"><meta itemprop=\"userInteractionCount\" content=\"0\">\t\n\t\t\t<a href=\"https:\/\/www.regionetz.net\/index.php\/appenweiler-wird-ausgebaut\/\"><\/a>\n\t\t\t\t\t\t\t\t\t\t<img decoding=\"async\" src=\"https:\/\/www.regionetz.net\/wp-content\/uploads\/2018\/09\/appenweiler-1.jpg\" alt=\"Appenweiler wird ausgebaut.\">\n\t\t\tSep\n\t\t\t18\n\t\t\t\t\t\t\t<h3 itemprop=\"headline\">\n\t\t\t\t\t\t\t\t\t\t\tAppenweiler wird ausgebaut.\t\t\t\t\t\t\t\t\t<\/h3>\n    <p>Um den immer wachsenden Bandbreitenbedarf zu decken, wir nun auch in Appenweiler die Technik der Generation IV installiert. Dadurch wird es m\u00f6glich, unseren Tarif Regiojet dort anzubieten. In diesem Zuge muss nat\u00fcrlich auch der Zubringer (Backbone) erweitert werden. Wenn Sie bereits Kunde bei uns sind, m\u00fcssen Sie lediglich Ihre Antenne austauschen. Alle Kunden mit Technik\u2026<\/p>\n\t<meta itemscope=\"\" itemprop=\"mainEntityOfPage\" itemtype=\"https:\/\/schema.org\/WebPage\" itemid=\"https:\/\/www.regionetz.net\/index.php\/regionetz-net-als-telefonprovider\/\" content=\"Regionetz.net als Telefonprovider\"><meta itemprop=\"datePublished\" content=\"2018-08-30\"><meta itemprop=\"dateModified\" content=\"2018-08-30\"><meta itemprop=\"name\" content=\"REGIONETZ.net - schnelles Internet f\u00fcr die Region\"><meta itemprop=\"url\" content=\"https:\/\/preweb.regionetz.net\/wp-content\/uploads\/2017\/12\/logo.png\"><meta itemprop=\"url\" content=\"https:\/\/www.regionetz.net\/index.php\/author\/herter\/\"><meta itemprop=\"name\" content=\"herter\"><meta itemprop=\"interactionType\" content=\"https:\/\/schema.org\/CommentAction\"><meta itemprop=\"userInteractionCount\" content=\"0\">\t\n\t\t\t<a href=\"https:\/\/www.regionetz.net\/index.php\/regionetz-net-als-telefonprovider\/\"><\/a>\n\t\t\t\t\t\t\t\t\t\t<img decoding=\"async\" src=\"https:\/\/www.regionetz.net\/wp-content\/uploads\/2018\/08\/Fritzbox7590.jpg\" alt=\"Regionetz.net als Telefonprovider\">\n\t\t\tAug\n\t\t\t30\n\t\t\t\t\t\t\t<h3 itemprop=\"headline\">\n\t\t\t\t\t\t\t\t\t\t\tRegionetz.net als Telefonprovider\t\t\t\t\t\t\t\t\t<\/h3>\n    <p>Sie wollen \u00fcber Regionetz.net telefonieren? Dann ist RegioPhone genau das Richtige f\u00fcr Sie! RegioPhone umfasst all unsere Telefondienste. Neu ist aber, dass wir von nun an das neueste Modell von AVM, die Fritz!Box 7590, bereits fertig programmiert an Sie f\u00fcr nur 199,- \u20ac verkaufen. Sie m\u00fcssen die Fritz!Box 7590 also nur an eine Stromquelle anschlie\u00dfen\u2026<\/p>\n\t<meta itemscope=\"\" itemprop=\"mainEntityOfPage\" itemtype=\"https:\/\/schema.org\/WebPage\" itemid=\"https:\/\/www.regionetz.net\/index.php\/neuer-sender-gruenkraut-ritteln\/\" content=\"Neuer Sender Gr\u00fcnkraut \u2013 Ritteln\"><meta itemprop=\"datePublished\" content=\"2018-08-27\"><meta itemprop=\"dateModified\" content=\"2018-08-27\"><meta itemprop=\"name\" content=\"REGIONETZ.net - schnelles Internet f\u00fcr die Region\"><meta itemprop=\"url\" content=\"https:\/\/preweb.regionetz.net\/wp-content\/uploads\/2017\/12\/logo.png\"><meta itemprop=\"url\" content=\"https:\/\/www.regionetz.net\/index.php\/author\/herter\/\"><meta itemprop=\"name\" content=\"herter\"><meta itemprop=\"interactionType\" content=\"https:\/\/schema.org\/CommentAction\"><meta itemprop=\"userInteractionCount\" content=\"0\">\t\n\t\t\t<a href=\"https:\/\/www.regionetz.net\/index.php\/neuer-sender-gruenkraut-ritteln\/\"><\/a>\n\t\t\t\t\t\t\t\t\t\t<img decoding=\"async\" src=\"https:\/\/www.regionetz.net\/wp-content\/uploads\/2018\/08\/bloedesDIng.jpg\" alt=\"Neuer Sender Gr\u00fcnkraut \u2013 Ritteln\">\n\t\t\tAug\n\t\t\t27\n\t\t\t\t\t\t\t<h3 itemprop=\"headline\">\n\t\t\t\t\t\t\t\t\t\t\tNeuer Sender Gr\u00fcnkraut \u2013 Ritteln\t\t\t\t\t\t\t\t\t<\/h3>\n    <p>Der Sender Ritteln ist nun in Betrieb! Am Sender Ritteln wurde die Technik Generation IV installiert. Dadurch ist es uns m\u00f6glich, Zug\u00e4nge mit deutlich h\u00f6heren Geschwindigkeiten anzubieten. Alle Kunden mit Technik Generation III k\u00f6nnen noch bis 1. Oktober mit der halben Bereitstellungsgeb\u00fchr zur neuen Generation wechseln. Bitte nehmen Sie Kontakt mit uns auf, wir beraten\u2026<\/p>\n\t<meta itemscope=\"\" itemprop=\"mainEntityOfPage\" itemtype=\"https:\/\/schema.org\/WebPage\" itemid=\"https:\/\/www.regionetz.net\/index.php\/regionetz-net-betreibt-kostenlosen-matrix-org-server\/\" content=\"regionetz.net betreibt kostenlosen Matrix.org server\"><meta itemprop=\"datePublished\" content=\"2018-08-02\"><meta itemprop=\"dateModified\" content=\"2018-08-14\"><meta itemprop=\"name\" content=\"REGIONETZ.net - schnelles Internet f\u00fcr die Region\"><meta itemprop=\"url\" content=\"https:\/\/preweb.regionetz.net\/wp-content\/uploads\/2017\/12\/logo.png\"><meta itemprop=\"url\" content=\"https:\/\/www.regionetz.net\/index.php\/author\/herter\/\"><meta itemprop=\"name\" content=\"herter\"><meta itemprop=\"interactionType\" content=\"https:\/\/schema.org\/CommentAction\"><meta itemprop=\"userInteractionCount\" content=\"0\">\t\n\t\t\t<a href=\"https:\/\/www.regionetz.net\/index.php\/regionetz-net-betreibt-kostenlosen-matrix-org-server\/\"><\/a>\n\t\t\t\t\t\t\t\t\t\t<img decoding=\"async\" src=\"https:\/\/www.regionetz.net\/wp-content\/uploads\/2018\/08\/matrix.jpg\" alt=\"regionetz.net betreibt kostenlosen Matrix.org server\">\n\t\t\tAug\n\t\t\t02\n\t\t\t\t\t\t\t<h3 itemprop=\"headline\">\n\t\t\t\t\t\t\t\t\t\t\tregionetz.net betreibt kostenlosen Matrix.org server\t\t\t\t\t\t\t\t\t<\/h3>\n    <p>Vergessen Sie Whatsapp !!! Matrix.org ist ein Messengerdienst, und gleichzeitig ein Chatprotokoll. Nicht wie bei Whatsapp, wo \u201eHerr Whatsapp\u201c vorschreibt, welche Handy mitspielen darf und alle Nachrichten \u00fcber seinen Server leitet. Matrix.org ist ein sogenanntes Peer to Peer also dezentrales System. Genau wie bei E-Mail werden die Nachrichten nur zwischen den beiden Servern, an denen\u2026<\/p>\n","protected":false},"excerpt":{"rendered":"<p>NICHT DEN ANSCHLUSS VERLIEREN. Unsere Technik Selbstentwickelte und produzierte Hardware die optimal an Ihre Bed\u00fcrfnisse angepasst ist. Regionetz im Einsatz Mit Hilfe unseres Regiomobils k\u00f6nnen wir Messungen bei Ihnen vor Ort vornehmen. Regionetz Seit 15 Jahren am in der Region f\u00fcr Sie aktiv. Das Funknetz f\u00fcr die Region Bodensee \/ Oberschwaben Normalerweise gibt es den&hellip;<\/p>\n","protected":false},"author":1,"featured_media":0,"parent":0,"menu_order":0,"comment_status":"closed","ping_status":"open","template":"","meta":{"footnotes":""},"class_list":["post-7","page","type-page","status-publish","hentry"],"_links":{"self":[{"href":"https:\/\/www.regionetz.net\/index.php\/wp-json\/wp\/v2\/pages\/7","targetHints":{"allow":["GET"]}}],"collection":[{"href":"https:\/\/www.regionetz.net\/index.php\/wp-json\/wp\/v2\/pages"}],"about":[{"href":"https:\/\/www.regionetz.net\/index.php\/wp-json\/wp\/v2\/types\/page"}],"author":[{"embeddable":true,"href":"https:\/\/www.regionetz.net\/index.php\/wp-json\/wp\/v2\/users\/1"}],"replies":[{"embeddable":true,"href":"https:\/\/www.regionetz.net\/index.php\/wp-json\/wp\/v2\/comments?post=7"}],"version-history":[{"count":43,"href":"https:\/\/www.regionetz.net\/index.php\/wp-json\/wp\/v2\/pages\/7\/revisions"}],"predecessor-version":[{"id":2907,"href":"https:\/\/www.regionetz.net\/index.php\/wp-json\/wp\/v2\/pages\/7\/revisions\/2907"}],"wp:attachment":[{"href":"https:\/\/www.regionetz.net\/index.php\/wp-json\/wp\/v2\/media?parent=7"}],"curies":[{"name":"wp","href":"https:\/\/api.w.org\/{rel}","templated":true}]}}