{"id":709,"date":"2020-01-17T17:45:44","date_gmt":"2020-01-17T16:45:44","guid":{"rendered":"https:\/\/www.regionetz.net\/?page_id=709"},"modified":"2020-01-22T11:31:16","modified_gmt":"2020-01-22T10:31:16","slug":"internetausfall-backupleitung-fallback-box","status":"publish","type":"page","link":"https:\/\/www.regionetz.net\/index.php\/internetausfall-backupleitung-fallback-box\/","title":{"rendered":"Internetausfall Backupleitung Fallback-Box &#8211; regionetz.net"},"content":{"rendered":"<h2>\n\t\tInternet Ausfallsicherheit mit unserer Fallback Box\n\t<\/h2>\n<h1>\n\t\tWenn die Internetverbindung f\u00fcr Sie unverzichtbar geworden ist, haben wir die L\u00f6sung f\u00fcr Ihren Arbeitsalltag.\n\t<\/h1>\n<h3>\n\t\tUnser Service enth\u00e4lt folgende Leistung:\n\t<\/h3>\n<h3>\n\t\tAccess Backup:\n\t<\/h3>\n\t<p>&#8211; bei Ausfall eines Internet Zugangs wird automatisch auf die zweite Leitung umgeschaltet<\/p>\n<h3>\n\t\tLoad balancing:\n\t<\/h3>\n\t<p>&#8211; Load Balancing vereilt Ihre Bandbreite ins Internet auf mehrere Leitungen<\/p>\n<h3>\n\t\tRemote access:\n\t<\/h3>\n\t<p>&#8211; M\u00f6glichkeit begrenzt Zugriff auf eigene Daten zu gew\u00e4hren um beispielsweise Kundenkonten einzurichten oder Home Office zu realisieren.<\/p>\n<h3>\n\t\tMonitoring:\n\t<\/h3>\n\t<p>&#8211; 24\/7 \u00dcberwachung der Internetverbindung inclusive Benachrichtigung<\/p>\n<h3>\n\t\tVoIP access (Telefonie):\n\t<\/h3>\n\t<p>&#8211; Einrichtung der SIP-Konten inclusive access Backup (Nottelefon)<\/p>\n<h3>\n\t\tOptional: Remote access\/Firewall\/VPN-Tunnelung:\n\t<\/h3>\n\t&#8211; Schutz vor Hackern<br \/>\n&#8211; Schutz vor Datendiebstahl<br \/>\n&#8211; Zugriff auf bestimmte Webseiten verweigern.<br \/>\n&#8211; Vernetzung mehrerer Standorte\n\t\t<h3>unser Preis f\u00fcr die Fallback Box:<\/h3>\n\t\t<p>Einmalige Einrichtungskosten ab: 593,- \u20ac inkl. MwSt.<\/p>\n<p>monatlich ab: 35,70 \u20ac inkl. MwSt.<\/p>\n\t\t\t<a href=\"https:\/\/www.regionetz.net\/?page_id=245\" target=\"_self\" role=\"button\" rel=\"noopener noreferrer\">\n\t\t\t\t\t\tJetzt mehr erfahren!\n\t\t\t\t\t<\/a>\n<h2>\n\t\tIhr Ansprechpartner\n\t<\/h2>\n\t\t\t\t<img loading=\"lazy\" decoding=\"async\" src=\"https:\/\/www.regionetz.net\/wp-content\/uploads\/2020\/01\/n_herter-200x300.jpg\" alt=\"n_herter\" itemprop=\"image\" height=\"300\" width=\"200\" title=\"n_herter\" onerror=\"this.style.display='none'\"  \/>\n\t<strong>Norbert Herter<br \/>\n<\/strong>\n<p>Gesch\u00e4ftsf\u00fchrer<\/p>\n<p>Tel: 0751 3 603 &#8211; 14<\/p>\n<p>norbert@herter.de<\/p>\n<h2>\n\t\tWir freuen uns \u00fcber Ihre Herausforderung\n\t<\/h2>\n\t\t\t<a href=\"https:\/\/preweb.regionetz.net\/?page_id=245\" target=\"_self\" role=\"button\" rel=\"noopener noreferrer\">\n\t\t\t\t\t\t\tKontakt\n\t\t\t<\/a>\n","protected":false},"excerpt":{"rendered":"<p>Internet Ausfallsicherheit mit unserer Fallback Box Wenn die Internetverbindung f\u00fcr Sie unverzichtbar geworden ist, haben wir die L\u00f6sung f\u00fcr Ihren Arbeitsalltag. Unser Service enth\u00e4lt folgende Leistung: Access Backup: &#8211; bei Ausfall eines Internet Zugangs wird automatisch auf die zweite Leitung umgeschaltet Load balancing: &#8211; Load Balancing vereilt Ihre Bandbreite ins Internet auf mehrere Leitungen Remote&hellip;<\/p>\n","protected":false},"author":2,"featured_media":0,"parent":0,"menu_order":0,"comment_status":"closed","ping_status":"closed","template":"","meta":{"footnotes":""},"class_list":["post-709","page","type-page","status-publish","hentry"],"_links":{"self":[{"href":"https:\/\/www.regionetz.net\/index.php\/wp-json\/wp\/v2\/pages\/709","targetHints":{"allow":["GET"]}}],"collection":[{"href":"https:\/\/www.regionetz.net\/index.php\/wp-json\/wp\/v2\/pages"}],"about":[{"href":"https:\/\/www.regionetz.net\/index.php\/wp-json\/wp\/v2\/types\/page"}],"author":[{"embeddable":true,"href":"https:\/\/www.regionetz.net\/index.php\/wp-json\/wp\/v2\/users\/2"}],"replies":[{"embeddable":true,"href":"https:\/\/www.regionetz.net\/index.php\/wp-json\/wp\/v2\/comments?post=709"}],"version-history":[{"count":21,"href":"https:\/\/www.regionetz.net\/index.php\/wp-json\/wp\/v2\/pages\/709\/revisions"}],"predecessor-version":[{"id":747,"href":"https:\/\/www.regionetz.net\/index.php\/wp-json\/wp\/v2\/pages\/709\/revisions\/747"}],"wp:attachment":[{"href":"https:\/\/www.regionetz.net\/index.php\/wp-json\/wp\/v2\/media?parent=709"}],"curies":[{"name":"wp","href":"https:\/\/api.w.org\/{rel}","templated":true}]}}