{"id":72,"date":"2017-12-21T17:13:22","date_gmt":"2017-12-21T16:13:22","guid":{"rendered":"https:\/\/preweb.regionetz.net\/?page_id=72"},"modified":"2018-03-09T16:50:23","modified_gmt":"2018-03-09T15:50:23","slug":"kundenportal","status":"publish","type":"page","link":"https:\/\/www.regionetz.net\/index.php\/kundenportal\/","title":{"rendered":"Kundenportal"},"content":{"rendered":"<p>Willkommen auf unserem neuen Kundenportal. F\u00fcr Ihre erste Anmeldung m\u00fcssen Sie die E-Mailadresse verwenden, welche Sie auch bei Ihrem Antrag angegeben haben. Sollte Sie uns noch keine E-Mailadresse angegeben haben, k\u00f6nne Sie dies auch nachtr\u00e4glich tun. Senden Sie uns einfach eine Mail an <a href=\"mailto:info@regionetz.net\">info@regionetz.net<\/a> F\u00fcr Ihren Erstzugang k\u00f6nne Sie \u00fcber die Schaltfl\u00e4che <a href=\"https:\/\/preweb.regionetz.net\/?page_id=102\">Passwort vergessen<\/a> eine neues Passwort vergeben.<\/p>\n","protected":false},"excerpt":{"rendered":"<p>Willkommen auf unserem neuen Kundenportal. F\u00fcr Ihre erste Anmeldung m\u00fcssen Sie die E-Mailadresse verwenden, welche Sie auch bei Ihrem Antrag angegeben haben. Sollte Sie uns noch keine E-Mailadresse angegeben haben, k\u00f6nne Sie dies auch nachtr\u00e4glich tun. Senden Sie uns einfach eine Mail an info@regionetz.net F\u00fcr Ihren Erstzugang k\u00f6nne Sie \u00fcber die Schaltfl\u00e4che Passwort vergessen eine&hellip;<\/p>\n","protected":false},"author":1,"featured_media":0,"parent":0,"menu_order":7,"comment_status":"closed","ping_status":"closed","template":"","meta":{"footnotes":""},"class_list":["post-72","page","type-page","status-publish","hentry"],"_links":{"self":[{"href":"https:\/\/www.regionetz.net\/index.php\/wp-json\/wp\/v2\/pages\/72","targetHints":{"allow":["GET"]}}],"collection":[{"href":"https:\/\/www.regionetz.net\/index.php\/wp-json\/wp\/v2\/pages"}],"about":[{"href":"https:\/\/www.regionetz.net\/index.php\/wp-json\/wp\/v2\/types\/page"}],"author":[{"embeddable":true,"href":"https:\/\/www.regionetz.net\/index.php\/wp-json\/wp\/v2\/users\/1"}],"replies":[{"embeddable":true,"href":"https:\/\/www.regionetz.net\/index.php\/wp-json\/wp\/v2\/comments?post=72"}],"version-history":[{"count":18,"href":"https:\/\/www.regionetz.net\/index.php\/wp-json\/wp\/v2\/pages\/72\/revisions"}],"predecessor-version":[{"id":227,"href":"https:\/\/www.regionetz.net\/index.php\/wp-json\/wp\/v2\/pages\/72\/revisions\/227"}],"wp:attachment":[{"href":"https:\/\/www.regionetz.net\/index.php\/wp-json\/wp\/v2\/media?parent=72"}],"curies":[{"name":"wp","href":"https:\/\/api.w.org\/{rel}","templated":true}]}}